{"id":25,"date":"2014-09-27T17:33:40","date_gmt":"2014-09-27T15:33:40","guid":{"rendered":"https:\/\/www.hoteldelmar.es\/?page_id=25"},"modified":"2026-01-12T21:48:53","modified_gmt":"2026-01-12T20:48:53","slug":"entorn","status":"publish","type":"page","link":"https:\/\/www.hoteldelmar.es\/fr\/entorn\/","title":{"rendered":"Environnement"},"content":{"rendered":"<div data-elementor-type=\"wp-page\" data-elementor-id=\"25\" class=\"elementor elementor-25\" data-elementor-post-type=\"page\">\n\t\t\t\t\t\t<section class=\"elementor-section elementor-top-section elementor-element elementor-element-57a70c7 elementor-section-boxed elementor-section-height-default elementor-section-height-default\" data-id=\"57a70c7\" data-element_type=\"section\" data-e-type=\"section\">\n\t\t\t\t\t\t<div class=\"elementor-container elementor-column-gap-default\">\n\t\t\t\t\t<div class=\"elementor-column elementor-col-50 elementor-top-column elementor-element elementor-element-f02fdcd\" data-id=\"f02fdcd\" data-element_type=\"column\" data-e-type=\"column\">\n\t\t\t<div class=\"elementor-widget-wrap elementor-element-populated\">\n\t\t\t\t\t\t<div class=\"elementor-element elementor-element-d16a02f elementor-widget elementor-widget-heading\" data-id=\"d16a02f\" data-element_type=\"widget\" data-e-type=\"widget\" data-widget_type=\"heading.default\">\n\t\t\t\t<div class=\"elementor-widget-container\">\n\t\t\t\t\t<h3 class=\"elementor-heading-title elementor-size-default\">Massif de Cadiretes<\/h3>\t\t\t\t<\/div>\n\t\t\t\t<\/div>\n\t\t\t\t<div class=\"elementor-element elementor-element-ef4ecb7 elementor-widget elementor-widget-text-editor\" data-id=\"ef4ecb7\" data-element_type=\"widget\" data-e-type=\"widget\" data-widget_type=\"text-editor.default\">\n\t\t\t\t<div class=\"elementor-widget-container\">\n\t\t\t\t\t\t\t\t\t<p>Le massif de Cadiretes est un espace naturel qui occupe la presque totalit\u00e9 de la commune de Tossa de Mar et une partie de celles de Sant Feliu de Gu\u00edxols, Santa Cristina d'Aro, Llagostera, Vidreres, Caldes de Malavella et Lloret de Mar.<\/p><p>Il s'agit d'un terrain montagneux, \u00e0 la g\u00e9ologie granitique, qui s\u00e9pare la mer de la plaine de la Selva et qui atteint son point culminant au Puig de Cadiretes.<\/p>\t\t\t\t\t\t\t\t<\/div>\n\t\t\t\t<\/div>\n\t\t\t\t\t<\/div>\n\t\t<\/div>\n\t\t\t\t<div class=\"elementor-column elementor-col-50 elementor-top-column elementor-element elementor-element-00b237b\" data-id=\"00b237b\" data-element_type=\"column\" data-e-type=\"column\">\n\t\t\t<div class=\"elementor-widget-wrap elementor-element-populated\">\n\t\t\t\t\t\t<div class=\"elementor-element elementor-element-5889f0b elementor-widget elementor-widget-image\" data-id=\"5889f0b\" data-element_type=\"widget\" data-e-type=\"widget\" data-widget_type=\"image.default\">\n\t\t\t\t<div class=\"elementor-widget-container\">\n\t\t\t\t\t\t\t\t\t\t\t\t<figure class=\"wp-caption\">\n\t\t\t\t\t\t\t\t\t\t<img fetchpriority=\"high\" decoding=\"async\" width=\"700\" height=\"525\" src=\"https:\/\/www.hoteldelmar.es\/wp-content\/uploads\/2015\/01\/Cadiretes.jpg\" class=\"attachment-full size-full wp-image-359\" alt=\"\" srcset=\"https:\/\/www.hoteldelmar.es\/wp-content\/uploads\/2015\/01\/Cadiretes.jpg 700w, https:\/\/www.hoteldelmar.es\/wp-content\/uploads\/2015\/01\/Cadiretes-300x225.jpg 300w\" sizes=\"(max-width: 700px) 100vw, 700px\" \/>\t\t\t\t\t\t\t\t\t\t\t<figcaption class=\"widget-image-caption wp-caption-text\">Massif de Cadiretes<\/figcaption>\n\t\t\t\t\t\t\t\t\t\t<\/figure>\n\t\t\t\t\t\t\t\t\t<\/div>\n\t\t\t\t<\/div>\n\t\t\t\t\t<\/div>\n\t\t<\/div>\n\t\t\t\t\t<\/div>\n\t\t<\/section>\n\t\t\t\t<section class=\"elementor-section elementor-top-section elementor-element elementor-element-78c7728 elementor-reverse-mobile elementor-section-boxed elementor-section-height-default elementor-section-height-default\" data-id=\"78c7728\" data-element_type=\"section\" data-e-type=\"section\">\n\t\t\t\t\t\t<div class=\"elementor-container elementor-column-gap-default\">\n\t\t\t\t\t<div class=\"elementor-column elementor-col-50 elementor-top-column elementor-element elementor-element-df3f7ce\" data-id=\"df3f7ce\" data-element_type=\"column\" data-e-type=\"column\">\n\t\t\t<div class=\"elementor-widget-wrap elementor-element-populated\">\n\t\t\t\t\t\t<div class=\"elementor-element elementor-element-0d63a44 elementor-widget elementor-widget-image\" data-id=\"0d63a44\" data-element_type=\"widget\" data-e-type=\"widget\" data-widget_type=\"image.default\">\n\t\t\t\t<div class=\"elementor-widget-container\">\n\t\t\t\t\t\t\t\t\t\t\t\t<figure class=\"wp-caption\">\n\t\t\t\t\t\t\t\t\t\t<img decoding=\"async\" width=\"900\" height=\"598\" src=\"https:\/\/www.hoteldelmar.es\/wp-content\/uploads\/2014\/09\/Jardins-bot\u00e0nics.jpg\" class=\"attachment-full size-full wp-image-509\" alt=\"\" srcset=\"https:\/\/www.hoteldelmar.es\/wp-content\/uploads\/2014\/09\/Jardins-bot\u00e0nics.jpg 900w, https:\/\/www.hoteldelmar.es\/wp-content\/uploads\/2014\/09\/Jardins-bot\u00e0nics-300x199.jpg 300w\" sizes=\"(max-width: 900px) 100vw, 900px\" \/>\t\t\t\t\t\t\t\t\t\t\t<figcaption class=\"widget-image-caption wp-caption-text\">Jardins botaniques<\/figcaption>\n\t\t\t\t\t\t\t\t\t\t<\/figure>\n\t\t\t\t\t\t\t\t\t<\/div>\n\t\t\t\t<\/div>\n\t\t\t\t\t<\/div>\n\t\t<\/div>\n\t\t\t\t<div class=\"elementor-column elementor-col-50 elementor-top-column elementor-element elementor-element-a5e09c3\" data-id=\"a5e09c3\" data-element_type=\"column\" data-e-type=\"column\">\n\t\t\t<div class=\"elementor-widget-wrap elementor-element-populated\">\n\t\t\t\t\t\t<div class=\"elementor-element elementor-element-c097687 elementor-widget elementor-widget-heading\" data-id=\"c097687\" data-element_type=\"widget\" data-e-type=\"widget\" data-widget_type=\"heading.default\">\n\t\t\t\t<div class=\"elementor-widget-container\">\n\t\t\t\t\t<h3 class=\"elementor-heading-title elementor-size-default\">Jardins botaniques<\/h3>\t\t\t\t<\/div>\n\t\t\t\t<\/div>\n\t\t\t\t<div class=\"elementor-element elementor-element-b4f397a elementor-widget elementor-widget-text-editor\" data-id=\"b4f397a\" data-element_type=\"widget\" data-e-type=\"widget\" data-widget_type=\"text-editor.default\">\n\t\t\t\t<div class=\"elementor-widget-container\">\n\t\t\t\t\t\t\t\t\t<p>Les parcs et jardins botaniques de la Costa Brava sont des endroits tr\u00e8s sp\u00e9ciaux.<\/p><p>Les plantes plantes autochtones cohabitent avec des esp\u00e8ces v\u00e9g\u00e9tales issues des quatre coins du monde et, ensemble, cr\u00e9ent une explosion de couleurs et de senteurs.<\/p><p>De v\u00e9ritables oasis naturels qui vous invitent \u00e0 fl\u00e2ner face aux vues impressionnantes sur la M\u00e9diterran\u00e9e.<\/p>\t\t\t\t\t\t\t\t<\/div>\n\t\t\t\t<\/div>\n\t\t\t\t\t<\/div>\n\t\t<\/div>\n\t\t\t\t\t<\/div>\n\t\t<\/section>\n\t\t\t\t<section class=\"elementor-section elementor-top-section elementor-element elementor-element-f513643 elementor-section-boxed elementor-section-height-default elementor-section-height-default\" data-id=\"f513643\" data-element_type=\"section\" data-e-type=\"section\">\n\t\t\t\t\t\t<div class=\"elementor-container elementor-column-gap-default\">\n\t\t\t\t\t<div class=\"elementor-column elementor-col-50 elementor-top-column elementor-element elementor-element-88b88b4\" data-id=\"88b88b4\" data-element_type=\"column\" data-e-type=\"column\">\n\t\t\t<div class=\"elementor-widget-wrap elementor-element-populated\">\n\t\t\t\t\t\t<div class=\"elementor-element elementor-element-39740fc elementor-widget elementor-widget-heading\" data-id=\"39740fc\" data-element_type=\"widget\" data-e-type=\"widget\" data-widget_type=\"heading.default\">\n\t\t\t\t<div class=\"elementor-widget-container\">\n\t\t\t\t\t<h3 class=\"elementor-heading-title elementor-size-default\">Chemins c\u00f4tiers<\/h3>\t\t\t\t<\/div>\n\t\t\t\t<\/div>\n\t\t\t\t<div class=\"elementor-element elementor-element-17fca9b elementor-widget elementor-widget-text-editor\" data-id=\"17fca9b\" data-element_type=\"widget\" data-e-type=\"widget\" data-widget_type=\"text-editor.default\">\n\t\t\t\t<div class=\"elementor-widget-container\">\n\t\t\t\t\t\t\t\t\t<p>D\u2019un c\u00f4t\u00e9, le vert des pins. De l\u2019autre, le bleu de la mer.<\/p><p>Sur la Costa Brava, les chemins c\u00f4tiers sont synonymes de promenades magnifiques, id\u00e9ales pour d\u00e9couvrir les petites criques, les falaises vertigineuses, le charme des petites plages, et les autres espaces du littoral \u00e0 ne pas manquer.<\/p>\t\t\t\t\t\t\t\t<\/div>\n\t\t\t\t<\/div>\n\t\t\t\t\t<\/div>\n\t\t<\/div>\n\t\t\t\t<div class=\"elementor-column elementor-col-50 elementor-top-column elementor-element elementor-element-9f7b533\" data-id=\"9f7b533\" data-element_type=\"column\" data-e-type=\"column\">\n\t\t\t<div class=\"elementor-widget-wrap elementor-element-populated\">\n\t\t\t\t\t\t<div class=\"elementor-element elementor-element-4d86c22 elementor-widget elementor-widget-image\" data-id=\"4d86c22\" data-element_type=\"widget\" data-e-type=\"widget\" data-widget_type=\"image.default\">\n\t\t\t\t<div class=\"elementor-widget-container\">\n\t\t\t\t\t\t\t\t\t\t\t\t<figure class=\"wp-caption\">\n\t\t\t\t\t\t\t\t\t\t<img decoding=\"async\" width=\"700\" height=\"525\" src=\"https:\/\/www.hoteldelmar.es\/wp-content\/uploads\/2014\/09\/Camins-de-Ronda.jpg\" class=\"attachment-full size-full wp-image-362\" alt=\"\" srcset=\"https:\/\/www.hoteldelmar.es\/wp-content\/uploads\/2014\/09\/Camins-de-Ronda.jpg 700w, https:\/\/www.hoteldelmar.es\/wp-content\/uploads\/2014\/09\/Camins-de-Ronda-300x225.jpg 300w\" sizes=\"(max-width: 700px) 100vw, 700px\" \/>\t\t\t\t\t\t\t\t\t\t\t<figcaption class=\"widget-image-caption wp-caption-text\">Chemins c\u00f4tiers<\/figcaption>\n\t\t\t\t\t\t\t\t\t\t<\/figure>\n\t\t\t\t\t\t\t\t\t<\/div>\n\t\t\t\t<\/div>\n\t\t\t\t\t<\/div>\n\t\t<\/div>\n\t\t\t\t\t<\/div>\n\t\t<\/section>\n\t\t\t\t<section class=\"elementor-section elementor-top-section elementor-element elementor-element-4442059 elementor-reverse-mobile elementor-section-boxed elementor-section-height-default elementor-section-height-default\" data-id=\"4442059\" data-element_type=\"section\" data-e-type=\"section\">\n\t\t\t\t\t\t<div class=\"elementor-container elementor-column-gap-default\">\n\t\t\t\t\t<div class=\"elementor-column elementor-col-50 elementor-top-column elementor-element elementor-element-428f49f\" data-id=\"428f49f\" data-element_type=\"column\" data-e-type=\"column\">\n\t\t\t<div class=\"elementor-widget-wrap elementor-element-populated\">\n\t\t\t\t\t\t<div class=\"elementor-element elementor-element-b941444 elementor-widget elementor-widget-image\" data-id=\"b941444\" data-element_type=\"widget\" data-e-type=\"widget\" data-widget_type=\"image.default\">\n\t\t\t\t<div class=\"elementor-widget-container\">\n\t\t\t\t\t\t\t\t\t\t\t\t<figure class=\"wp-caption\">\n\t\t\t\t\t\t\t\t\t\t<img loading=\"lazy\" decoding=\"async\" width=\"750\" height=\"408\" src=\"https:\/\/www.hoteldelmar.es\/wp-content\/uploads\/2014\/09\/Parcs-Naturals.jpg\" class=\"attachment-full size-full wp-image-370\" alt=\"\" srcset=\"https:\/\/www.hoteldelmar.es\/wp-content\/uploads\/2014\/09\/Parcs-Naturals.jpg 750w, https:\/\/www.hoteldelmar.es\/wp-content\/uploads\/2014\/09\/Parcs-Naturals-300x163.jpg 300w\" sizes=\"(max-width: 750px) 100vw, 750px\" \/>\t\t\t\t\t\t\t\t\t\t\t<figcaption class=\"widget-image-caption wp-caption-text\">Parcs Naturels<\/figcaption>\n\t\t\t\t\t\t\t\t\t\t<\/figure>\n\t\t\t\t\t\t\t\t\t<\/div>\n\t\t\t\t<\/div>\n\t\t\t\t\t<\/div>\n\t\t<\/div>\n\t\t\t\t<div class=\"elementor-column elementor-col-50 elementor-top-column elementor-element elementor-element-7694c14\" data-id=\"7694c14\" data-element_type=\"column\" data-e-type=\"column\">\n\t\t\t<div class=\"elementor-widget-wrap elementor-element-populated\">\n\t\t\t\t\t\t<div class=\"elementor-element elementor-element-a293efe elementor-widget elementor-widget-heading\" data-id=\"a293efe\" data-element_type=\"widget\" data-e-type=\"widget\" data-widget_type=\"heading.default\">\n\t\t\t\t<div class=\"elementor-widget-container\">\n\t\t\t\t\t<h3 class=\"elementor-heading-title elementor-size-default\">Parcs Naturels<\/h3>\t\t\t\t<\/div>\n\t\t\t\t<\/div>\n\t\t\t\t<div class=\"elementor-element elementor-element-d052467 elementor-widget elementor-widget-text-editor\" data-id=\"d052467\" data-element_type=\"widget\" data-e-type=\"widget\" data-widget_type=\"text-editor.default\">\n\t\t\t\t<div class=\"elementor-widget-container\">\n\t\t\t\t\t\t\t\t\t<p>Les sept parcs naturels de la Costa Brava et des Pyr\u00e9n\u00e9es de G\u00e9rone sont sept merveilles paysag\u00e8res extr\u00eamement compl\u00e8tes : haute montagne, criques, plages, falaises, volcans, for\u00eats immenses, marais, rivi\u00e8res, lacs\u2026<\/p>\t\t\t\t\t\t\t\t<\/div>\n\t\t\t\t<\/div>\n\t\t\t\t\t<\/div>\n\t\t<\/div>\n\t\t\t\t\t<\/div>\n\t\t<\/section>\n\t\t\t\t<section class=\"elementor-section elementor-top-section elementor-element elementor-element-fa46862 elementor-section-boxed elementor-section-height-default elementor-section-height-default\" data-id=\"fa46862\" data-element_type=\"section\" data-e-type=\"section\">\n\t\t\t\t\t\t<div class=\"elementor-container elementor-column-gap-default\">\n\t\t\t\t\t<div class=\"elementor-column elementor-col-50 elementor-top-column elementor-element elementor-element-564c170\" data-id=\"564c170\" data-element_type=\"column\" data-e-type=\"column\">\n\t\t\t<div class=\"elementor-widget-wrap elementor-element-populated\">\n\t\t\t\t\t\t<div class=\"elementor-element elementor-element-46e8cf7 elementor-widget elementor-widget-heading\" data-id=\"46e8cf7\" data-element_type=\"widget\" data-e-type=\"widget\" data-widget_type=\"heading.default\">\n\t\t\t\t<div class=\"elementor-widget-container\">\n\t\t\t\t\t<h3 class=\"elementor-heading-title elementor-size-default\">Et bien plus encore...<\/h3>\t\t\t\t<\/div>\n\t\t\t\t<\/div>\n\t\t\t\t<div class=\"elementor-element elementor-element-6ad8d8b elementor-widget elementor-widget-text-editor\" data-id=\"6ad8d8b\" data-element_type=\"widget\" data-e-type=\"widget\" data-widget_type=\"text-editor.default\">\n\t\t\t\t<div class=\"elementor-widget-container\">\n\t\t\t\t\t\t\t\t\t<p>La Costa Brava offre de nombreuses possibilit\u00e9s de plus en plus de profiter de sa nature:<\/p><ul><li><strong>Sport actif<\/strong>: Randonn\u00e9es p\u00e9destres, golf, VTT, sports nautiques, etc.<\/li><li><strong>Gastronomie: <\/strong>Festivals et \u00e9v\u00e9nements gastronomiques.<\/li><li><strong>Culture: <\/strong>Festival de musique de Porta Ferrata (juillet\/ao\u00fbt), exposition internationale de peinture, mus\u00e9es, monuments historiques et ruines arch\u00e9ologiques.<\/li><\/ul>\t\t\t\t\t\t\t\t<\/div>\n\t\t\t\t<\/div>\n\t\t\t\t\t<\/div>\n\t\t<\/div>\n\t\t\t\t<div class=\"elementor-column elementor-col-50 elementor-top-column elementor-element elementor-element-4c8d0bf\" data-id=\"4c8d0bf\" data-element_type=\"column\" data-e-type=\"column\">\n\t\t\t<div class=\"elementor-widget-wrap elementor-element-populated\">\n\t\t\t\t\t\t<div class=\"elementor-element elementor-element-a6d1238 elementor-widget elementor-widget-image\" data-id=\"a6d1238\" data-element_type=\"widget\" data-e-type=\"widget\" data-widget_type=\"image.default\">\n\t\t\t\t<div class=\"elementor-widget-container\">\n\t\t\t\t\t\t\t\t\t\t\t\t<figure class=\"wp-caption\">\n\t\t\t\t\t\t\t\t\t\t<img loading=\"lazy\" decoding=\"async\" width=\"800\" height=\"453\" src=\"https:\/\/www.hoteldelmar.es\/wp-content\/uploads\/2025\/12\/Festival-Porta-Ferrada.jpg\" class=\"attachment-full size-full wp-image-6875\" alt=\"\" srcset=\"https:\/\/www.hoteldelmar.es\/wp-content\/uploads\/2025\/12\/Festival-Porta-Ferrada.jpg 800w, https:\/\/www.hoteldelmar.es\/wp-content\/uploads\/2025\/12\/Festival-Porta-Ferrada-300x170.jpg 300w, https:\/\/www.hoteldelmar.es\/wp-content\/uploads\/2025\/12\/Festival-Porta-Ferrada-768x435.jpg 768w\" sizes=\"(max-width: 800px) 100vw, 800px\" \/>\t\t\t\t\t\t\t\t\t\t\t<figcaption class=\"widget-image-caption wp-caption-text\">Festival de Porta Ferrada<\/figcaption>\n\t\t\t\t\t\t\t\t\t\t<\/figure>\n\t\t\t\t\t\t\t\t\t<\/div>\n\t\t\t\t<\/div>\n\t\t\t\t\t<\/div>\n\t\t<\/div>\n\t\t\t\t\t<\/div>\n\t\t<\/section>\n\t\t\t\t<\/div>","protected":false},"excerpt":{"rendered":"<p>Mass\u00eds de Cadiretes El mass\u00eds de Cadiretes \u00e9s un espai natural que ocupa pr\u00e0cticament la totalitat del terme municipal de Tossa de Mar i part dels termes de Sant Feliu de Gu\u00edxols, Santa Cristina d&#8217;Aro, Llagostera, Vidreres, Caldes de Malavella i Lloret de Mar. Es tracta d&#8217;un terreny muntanyenc, de geologia gran\u00edtica, que separa el<br \/><a class=\"moretag\" href=\"https:\/\/www.hoteldelmar.es\/fr\/entorn\/\">+ Read More<\/a><\/p>","protected":false},"author":1,"featured_media":1232,"parent":0,"menu_order":0,"comment_status":"closed","ping_status":"closed","template":"templates\/page-fullwidth_template.php","meta":{"footnotes":""},"class_list":["post-25","page","type-page","status-publish","has-post-thumbnail","hentry"],"_links":{"self":[{"href":"https:\/\/www.hoteldelmar.es\/fr\/wp-json\/wp\/v2\/pages\/25","targetHints":{"allow":["GET"]}}],"collection":[{"href":"https:\/\/www.hoteldelmar.es\/fr\/wp-json\/wp\/v2\/pages"}],"about":[{"href":"https:\/\/www.hoteldelmar.es\/fr\/wp-json\/wp\/v2\/types\/page"}],"author":[{"embeddable":true,"href":"https:\/\/www.hoteldelmar.es\/fr\/wp-json\/wp\/v2\/users\/1"}],"replies":[{"embeddable":true,"href":"https:\/\/www.hoteldelmar.es\/fr\/wp-json\/wp\/v2\/comments?post=25"}],"version-history":[{"count":0,"href":"https:\/\/www.hoteldelmar.es\/fr\/wp-json\/wp\/v2\/pages\/25\/revisions"}],"wp:featuredmedia":[{"embeddable":true,"href":"https:\/\/www.hoteldelmar.es\/fr\/wp-json\/wp\/v2\/media\/1232"}],"wp:attachment":[{"href":"https:\/\/www.hoteldelmar.es\/fr\/wp-json\/wp\/v2\/media?parent=25"}],"curies":[{"name":"wp","href":"https:\/\/api.w.org\/{rel}","templated":true}]}}