{"id":13,"date":"2014-09-27T17:32:20","date_gmt":"2014-09-27T15:32:20","guid":{"rendered":"https:\/\/www.hoteldelmar.es\/?page_id=13"},"modified":"2026-01-09T17:55:57","modified_gmt":"2026-01-09T16:55:57","slug":"habitacions","status":"publish","type":"page","link":"https:\/\/www.hoteldelmar.es\/it\/habitacions\/","title":{"rendered":"Camere"},"content":{"rendered":"<div data-elementor-type=\"wp-page\" data-elementor-id=\"13\" class=\"elementor elementor-13\" data-elementor-post-type=\"page\">\n\t\t\t\t\t\t<section class=\"elementor-section elementor-top-section elementor-element elementor-element-2ca5fb6a elementor-section-full_width elementor-section-height-default elementor-section-height-default\" data-id=\"2ca5fb6a\" data-element_type=\"section\" data-e-type=\"section\">\n\t\t\t\t\t\t<div class=\"elementor-container elementor-column-gap-no\">\n\t\t\t\t\t<div class=\"elementor-column elementor-col-100 elementor-top-column elementor-element elementor-element-718e5a54\" data-id=\"718e5a54\" data-element_type=\"column\" data-e-type=\"column\">\n\t\t\t<div class=\"elementor-widget-wrap elementor-element-populated\">\n\t\t\t\t\t\t<div class=\"elementor-element elementor-element-6cfb62d6 elementor-widget elementor-widget-text-editor\" data-id=\"6cfb62d6\" data-element_type=\"widget\" data-e-type=\"widget\" data-widget_type=\"text-editor.default\">\n\t\t\t\t<div class=\"elementor-widget-container\">\n\t\t\t\t\t\t\t\t\t<p class=\"translation-block\">L'<strong>Hotel del Mar<\/strong> dispone di 16 camere di diversa tipolog\u00eda, individuale, doppie, triple e quadruple (family room) ,tutte dotate di:<\/p><ul><li>Televisione.<\/li><li>Bagno privato doccia\/vasca.<\/li><li>Balcone arredato.<\/li><\/ul><p>Tutte le camere sono esterne ed hanno ventilatore e riscaldamento.<\/p><p>Decorazione semplice e funzionale\u00a0con pavimento in marmo.<\/p><p>Wi-fi gratuito per la clientela.<\/p><p style=\"text-align: justify;\">L\u2019Hotel del Mar a Sant Feliu de Gu\u00edxols \u00e8 il luogo ideale per una vacanza rom\u00e1ntica di copia, avventura e sport acquatici con amici e famiglia, passeggiate nel verde della costa brava in bicicletta o a piedi, terminando nelle spiagge e cale immacolate, dall\u2019acqua turchese. La gastronom\u00eda \u00e8 ricca di prodotti locali per tutti i gusti.<\/p><p>Troverete la camera ideale per ogni esigenza:<\/p><ul><li><span style=\"color: #013781;\"><strong>Camera doppia:<\/strong><\/span> camere con letti singoli (possibilita di accostarli).<\/li><li><span style=\"color: #013781;\"><strong>Camera triple:<\/strong><\/span>\u00a0due spazi, una con due letti singoli e la terza con un letto singolo.<\/li><li><span style=\"color: #013781;\"><strong>Camera quadrupla:<\/strong><\/span>\u00a0composte da due letti singoli e un letto a castello.<\/li><\/ul><p>\u00a0<\/p>\t\t\t\t\t\t\t\t<\/div>\n\t\t\t\t<\/div>\n\t\t\t\t\t<\/div>\n\t\t<\/div>\n\t\t\t\t\t<\/div>\n\t\t<\/section>\n\t\t\t\t<section class=\"elementor-section elementor-top-section elementor-element elementor-element-c5967ee elementor-section-full_width elementor-section-height-default elementor-section-height-default\" data-id=\"c5967ee\" data-element_type=\"section\" data-e-type=\"section\">\n\t\t\t\t\t\t<div class=\"elementor-container elementor-column-gap-no\">\n\t\t\t\t\t<div class=\"elementor-column elementor-col-100 elementor-top-column elementor-element elementor-element-ffc7bcc\" data-id=\"ffc7bcc\" data-element_type=\"column\" data-e-type=\"column\">\n\t\t\t<div class=\"elementor-widget-wrap elementor-element-populated\">\n\t\t\t\t\t\t<div class=\"elementor-element elementor-element-c69ea9d elementor-widget elementor-widget-gallery\" data-id=\"c69ea9d\" data-element_type=\"widget\" data-e-type=\"widget\" data-settings=\"{&quot;gap_tablet&quot;:{&quot;unit&quot;:&quot;px&quot;,&quot;size&quot;:8,&quot;sizes&quot;:[]},&quot;gap_mobile&quot;:{&quot;unit&quot;:&quot;px&quot;,&quot;size&quot;:8,&quot;sizes&quot;:[]},&quot;aspect_ratio&quot;:&quot;16:9&quot;,&quot;columns&quot;:3,&quot;lazyload&quot;:&quot;yes&quot;,&quot;gallery_layout&quot;:&quot;grid&quot;,&quot;columns_tablet&quot;:2,&quot;columns_mobile&quot;:1,&quot;gap&quot;:{&quot;unit&quot;:&quot;px&quot;,&quot;size&quot;:10,&quot;sizes&quot;:[]},&quot;link_to&quot;:&quot;file&quot;,&quot;overlay_background&quot;:&quot;yes&quot;,&quot;content_hover_animation&quot;:&quot;fade-in&quot;}\" data-widget_type=\"gallery.default\">\n\t\t\t\t<div class=\"elementor-widget-container\">\n\t\t\t\t\t\t\t<div class=\"elementor-gallery__container\">\n\t\t\t\t\t\t\t<a class=\"e-gallery-item elementor-gallery-item elementor-animated-content\" href=\"https:\/\/www.hoteldelmar.es\/wp-content\/uploads\/2023\/01\/Hotel-del-Mar-Sant-Feliu-de-Guixols-Habitacions-12.jpg\" data-elementor-open-lightbox=\"yes\" data-elementor-lightbox-slideshow=\"c69ea9d\" data-elementor-lightbox-title=\"Hotel del Mar - Sant Feliu de Gu\u00edxols - Habitacions\" data-e-action-hash=\"#elementor-action%3Aaction%3Dlightbox%26settings%3DeyJpZCI6NjA2NywidXJsIjoiaHR0cHM6XC9cL3d3dy5ob3RlbGRlbG1hci5lc1wvd3AtY29udGVudFwvdXBsb2Fkc1wvMjAyM1wvMDFcL0hvdGVsLWRlbC1NYXItU2FudC1GZWxpdS1kZS1HdWl4b2xzLUhhYml0YWNpb25zLTEyLmpwZyIsInNsaWRlc2hvdyI6ImM2OWVhOWQifQ%3D%3D\">\n\t\t\t\t\t<div class=\"e-gallery-image elementor-gallery-item__image\" data-thumbnail=\"https:\/\/www.hoteldelmar.es\/wp-content\/uploads\/2023\/01\/Hotel-del-Mar-Sant-Feliu-de-Guixols-Habitacions-12.jpg\" data-width=\"800\" data-height=\"534\" aria-label=\"Hotel del Mar - Sant Feliu de Gu\u00edxols - Camere\" role=\"img\" ><\/div>\n\t\t\t\t\t\t\t\t\t\t\t<div class=\"elementor-gallery-item__overlay\"><\/div>\n\t\t\t\t\t\t\t\t\t\t\t\t\t\t<\/a>\n\t\t\t\t\t\t\t<a class=\"e-gallery-item elementor-gallery-item elementor-animated-content\" href=\"https:\/\/www.hoteldelmar.es\/wp-content\/uploads\/2023\/01\/Hotel-del-Mar-Sant-Feliu-de-Guixols-Habitacions-4.jpg\" data-elementor-open-lightbox=\"yes\" data-elementor-lightbox-slideshow=\"c69ea9d\" data-elementor-lightbox-title=\"Hotel del Mar - Sant Feliu de Gu\u00edxols - Habitacions\" data-e-action-hash=\"#elementor-action%3Aaction%3Dlightbox%26settings%3DeyJpZCI6NjA1OSwidXJsIjoiaHR0cHM6XC9cL3d3dy5ob3RlbGRlbG1hci5lc1wvd3AtY29udGVudFwvdXBsb2Fkc1wvMjAyM1wvMDFcL0hvdGVsLWRlbC1NYXItU2FudC1GZWxpdS1kZS1HdWl4b2xzLUhhYml0YWNpb25zLTQuanBnIiwic2xpZGVzaG93IjoiYzY5ZWE5ZCJ9\">\n\t\t\t\t\t<div class=\"e-gallery-image elementor-gallery-item__image\" data-thumbnail=\"https:\/\/www.hoteldelmar.es\/wp-content\/uploads\/2023\/01\/Hotel-del-Mar-Sant-Feliu-de-Guixols-Habitacions-4.jpg\" data-width=\"800\" data-height=\"534\" aria-label=\"Hotel del Mar - Sant Feliu de Gu\u00edxols - Camere\" role=\"img\" ><\/div>\n\t\t\t\t\t\t\t\t\t\t\t<div class=\"elementor-gallery-item__overlay\"><\/div>\n\t\t\t\t\t\t\t\t\t\t\t\t\t\t<\/a>\n\t\t\t\t\t\t\t<a class=\"e-gallery-item elementor-gallery-item elementor-animated-content\" href=\"https:\/\/www.hoteldelmar.es\/wp-content\/uploads\/2023\/01\/Hotel-del-Mar-Sant-Feliu-de-Guixols-Habitacions-9.jpg\" data-elementor-open-lightbox=\"yes\" data-elementor-lightbox-slideshow=\"c69ea9d\" data-elementor-lightbox-title=\"Hotel del Mar - Sant Feliu de Gu\u00edxols - Habitacions\" data-e-action-hash=\"#elementor-action%3Aaction%3Dlightbox%26settings%3DeyJpZCI6NjA2NCwidXJsIjoiaHR0cHM6XC9cL3d3dy5ob3RlbGRlbG1hci5lc1wvd3AtY29udGVudFwvdXBsb2Fkc1wvMjAyM1wvMDFcL0hvdGVsLWRlbC1NYXItU2FudC1GZWxpdS1kZS1HdWl4b2xzLUhhYml0YWNpb25zLTkuanBnIiwic2xpZGVzaG93IjoiYzY5ZWE5ZCJ9\">\n\t\t\t\t\t<div class=\"e-gallery-image elementor-gallery-item__image\" data-thumbnail=\"https:\/\/www.hoteldelmar.es\/wp-content\/uploads\/2023\/01\/Hotel-del-Mar-Sant-Feliu-de-Guixols-Habitacions-9.jpg\" data-width=\"800\" data-height=\"534\" aria-label=\"Hotel del Mar - Sant Feliu de Gu\u00edxols - Camere\" role=\"img\" ><\/div>\n\t\t\t\t\t\t\t\t\t\t\t<div class=\"elementor-gallery-item__overlay\"><\/div>\n\t\t\t\t\t\t\t\t\t\t\t\t\t\t<\/a>\n\t\t\t\t\t\t\t<a class=\"e-gallery-item elementor-gallery-item elementor-animated-content\" href=\"https:\/\/www.hoteldelmar.es\/wp-content\/uploads\/2023\/01\/Hotel-del-Mar-Sant-Feliu-de-Guixols-Habitacions-17.jpg\" data-elementor-open-lightbox=\"yes\" data-elementor-lightbox-slideshow=\"c69ea9d\" data-elementor-lightbox-title=\"Hotel del Mar - Sant Feliu de Gu\u00edxols - Habitacions\" data-e-action-hash=\"#elementor-action%3Aaction%3Dlightbox%26settings%3DeyJpZCI6NjA3MiwidXJsIjoiaHR0cHM6XC9cL3d3dy5ob3RlbGRlbG1hci5lc1wvd3AtY29udGVudFwvdXBsb2Fkc1wvMjAyM1wvMDFcL0hvdGVsLWRlbC1NYXItU2FudC1GZWxpdS1kZS1HdWl4b2xzLUhhYml0YWNpb25zLTE3LmpwZyIsInNsaWRlc2hvdyI6ImM2OWVhOWQifQ%3D%3D\">\n\t\t\t\t\t<div class=\"e-gallery-image elementor-gallery-item__image\" data-thumbnail=\"https:\/\/www.hoteldelmar.es\/wp-content\/uploads\/2023\/01\/Hotel-del-Mar-Sant-Feliu-de-Guixols-Habitacions-17.jpg\" data-width=\"800\" data-height=\"534\" aria-label=\"Hotel del Mar - Sant Feliu de Gu\u00edxols - Camere\" role=\"img\" ><\/div>\n\t\t\t\t\t\t\t\t\t\t\t<div class=\"elementor-gallery-item__overlay\"><\/div>\n\t\t\t\t\t\t\t\t\t\t\t\t\t\t<\/a>\n\t\t\t\t\t\t\t<a class=\"e-gallery-item elementor-gallery-item elementor-animated-content\" href=\"https:\/\/www.hoteldelmar.es\/wp-content\/uploads\/2023\/01\/Hotel-del-Mar-Sant-Feliu-de-Guixols-Habitacions-3.jpg\" data-elementor-open-lightbox=\"yes\" data-elementor-lightbox-slideshow=\"c69ea9d\" data-elementor-lightbox-title=\"Hotel del Mar - Sant Feliu de Gu\u00edxols - Habitacions\" data-e-action-hash=\"#elementor-action%3Aaction%3Dlightbox%26settings%3DeyJpZCI6NjA1OCwidXJsIjoiaHR0cHM6XC9cL3d3dy5ob3RlbGRlbG1hci5lc1wvd3AtY29udGVudFwvdXBsb2Fkc1wvMjAyM1wvMDFcL0hvdGVsLWRlbC1NYXItU2FudC1GZWxpdS1kZS1HdWl4b2xzLUhhYml0YWNpb25zLTMuanBnIiwic2xpZGVzaG93IjoiYzY5ZWE5ZCJ9\">\n\t\t\t\t\t<div class=\"e-gallery-image elementor-gallery-item__image\" data-thumbnail=\"https:\/\/www.hoteldelmar.es\/wp-content\/uploads\/2023\/01\/Hotel-del-Mar-Sant-Feliu-de-Guixols-Habitacions-3.jpg\" data-width=\"800\" data-height=\"534\" aria-label=\"Hotel del Mar - Sant Feliu de Gu\u00edxols - Camere\" role=\"img\" ><\/div>\n\t\t\t\t\t\t\t\t\t\t\t<div class=\"elementor-gallery-item__overlay\"><\/div>\n\t\t\t\t\t\t\t\t\t\t\t\t\t\t<\/a>\n\t\t\t\t\t\t\t<a class=\"e-gallery-item elementor-gallery-item elementor-animated-content\" href=\"https:\/\/www.hoteldelmar.es\/wp-content\/uploads\/2023\/01\/Hotel-del-Mar-Sant-Feliu-de-Guixols-Habitacions-2.jpg\" data-elementor-open-lightbox=\"yes\" data-elementor-lightbox-slideshow=\"c69ea9d\" data-elementor-lightbox-title=\"Hotel del Mar - Sant Feliu de Gu\u00edxols - Habitacions\" data-e-action-hash=\"#elementor-action%3Aaction%3Dlightbox%26settings%3DeyJpZCI6NjA1NywidXJsIjoiaHR0cHM6XC9cL3d3dy5ob3RlbGRlbG1hci5lc1wvd3AtY29udGVudFwvdXBsb2Fkc1wvMjAyM1wvMDFcL0hvdGVsLWRlbC1NYXItU2FudC1GZWxpdS1kZS1HdWl4b2xzLUhhYml0YWNpb25zLTIuanBnIiwic2xpZGVzaG93IjoiYzY5ZWE5ZCJ9\">\n\t\t\t\t\t<div class=\"e-gallery-image elementor-gallery-item__image\" data-thumbnail=\"https:\/\/www.hoteldelmar.es\/wp-content\/uploads\/2023\/01\/Hotel-del-Mar-Sant-Feliu-de-Guixols-Habitacions-2.jpg\" data-width=\"800\" data-height=\"534\" aria-label=\"Hotel del Mar - Sant Feliu de Gu\u00edxols - Camere\" role=\"img\" ><\/div>\n\t\t\t\t\t\t\t\t\t\t\t<div class=\"elementor-gallery-item__overlay\"><\/div>\n\t\t\t\t\t\t\t\t\t\t\t\t\t\t<\/a>\n\t\t\t\t\t\t\t<a class=\"e-gallery-item elementor-gallery-item elementor-animated-content\" href=\"https:\/\/www.hoteldelmar.es\/wp-content\/uploads\/2023\/01\/Hotel-del-Mar-Sant-Feliu-de-Guixols-Habitacions-5.jpg\" data-elementor-open-lightbox=\"yes\" data-elementor-lightbox-slideshow=\"c69ea9d\" data-elementor-lightbox-title=\"Hotel del Mar - Sant Feliu de Gu\u00edxols - Habitacions\" data-e-action-hash=\"#elementor-action%3Aaction%3Dlightbox%26settings%3DeyJpZCI6NjA2MCwidXJsIjoiaHR0cHM6XC9cL3d3dy5ob3RlbGRlbG1hci5lc1wvd3AtY29udGVudFwvdXBsb2Fkc1wvMjAyM1wvMDFcL0hvdGVsLWRlbC1NYXItU2FudC1GZWxpdS1kZS1HdWl4b2xzLUhhYml0YWNpb25zLTUuanBnIiwic2xpZGVzaG93IjoiYzY5ZWE5ZCJ9\">\n\t\t\t\t\t<div class=\"e-gallery-image elementor-gallery-item__image\" data-thumbnail=\"https:\/\/www.hoteldelmar.es\/wp-content\/uploads\/2023\/01\/Hotel-del-Mar-Sant-Feliu-de-Guixols-Habitacions-5.jpg\" data-width=\"800\" data-height=\"534\" aria-label=\"Hotel del Mar - Sant Feliu de Gu\u00edxols - Camere\" role=\"img\" ><\/div>\n\t\t\t\t\t\t\t\t\t\t\t<div class=\"elementor-gallery-item__overlay\"><\/div>\n\t\t\t\t\t\t\t\t\t\t\t\t\t\t<\/a>\n\t\t\t\t\t\t\t<a class=\"e-gallery-item elementor-gallery-item elementor-animated-content\" href=\"https:\/\/www.hoteldelmar.es\/wp-content\/uploads\/2023\/01\/Hotel-del-Mar-Sant-Feliu-de-Guixols-Habitacions-8.jpg\" data-elementor-open-lightbox=\"yes\" data-elementor-lightbox-slideshow=\"c69ea9d\" data-elementor-lightbox-title=\"Hotel del Mar - Sant Feliu de Gu\u00edxols - Habitacions\" data-e-action-hash=\"#elementor-action%3Aaction%3Dlightbox%26settings%3DeyJpZCI6NjA2MywidXJsIjoiaHR0cHM6XC9cL3d3dy5ob3RlbGRlbG1hci5lc1wvd3AtY29udGVudFwvdXBsb2Fkc1wvMjAyM1wvMDFcL0hvdGVsLWRlbC1NYXItU2FudC1GZWxpdS1kZS1HdWl4b2xzLUhhYml0YWNpb25zLTguanBnIiwic2xpZGVzaG93IjoiYzY5ZWE5ZCJ9\">\n\t\t\t\t\t<div class=\"e-gallery-image elementor-gallery-item__image\" data-thumbnail=\"https:\/\/www.hoteldelmar.es\/wp-content\/uploads\/2023\/01\/Hotel-del-Mar-Sant-Feliu-de-Guixols-Habitacions-8.jpg\" data-width=\"800\" data-height=\"534\" aria-label=\"Hotel del Mar - Sant Feliu de Gu\u00edxols - Camere\" role=\"img\" ><\/div>\n\t\t\t\t\t\t\t\t\t\t\t<div class=\"elementor-gallery-item__overlay\"><\/div>\n\t\t\t\t\t\t\t\t\t\t\t\t\t\t<\/a>\n\t\t\t\t\t\t\t<a class=\"e-gallery-item elementor-gallery-item elementor-animated-content\" href=\"https:\/\/www.hoteldelmar.es\/wp-content\/uploads\/2023\/01\/Hotel-del-Mar-Sant-Feliu-de-Guixols-Habitacions-10.jpg\" data-elementor-open-lightbox=\"yes\" data-elementor-lightbox-slideshow=\"c69ea9d\" data-elementor-lightbox-title=\"Hotel del Mar - Sant Feliu de Gu\u00edxols - Habitacions\" data-e-action-hash=\"#elementor-action%3Aaction%3Dlightbox%26settings%3DeyJpZCI6NjA2NSwidXJsIjoiaHR0cHM6XC9cL3d3dy5ob3RlbGRlbG1hci5lc1wvd3AtY29udGVudFwvdXBsb2Fkc1wvMjAyM1wvMDFcL0hvdGVsLWRlbC1NYXItU2FudC1GZWxpdS1kZS1HdWl4b2xzLUhhYml0YWNpb25zLTEwLmpwZyIsInNsaWRlc2hvdyI6ImM2OWVhOWQifQ%3D%3D\">\n\t\t\t\t\t<div class=\"e-gallery-image elementor-gallery-item__image\" data-thumbnail=\"https:\/\/www.hoteldelmar.es\/wp-content\/uploads\/2023\/01\/Hotel-del-Mar-Sant-Feliu-de-Guixols-Habitacions-10.jpg\" data-width=\"800\" data-height=\"534\" aria-label=\"Hotel del Mar - Sant Feliu de Gu\u00edxols - Camere\" role=\"img\" ><\/div>\n\t\t\t\t\t\t\t\t\t\t\t<div class=\"elementor-gallery-item__overlay\"><\/div>\n\t\t\t\t\t\t\t\t\t\t\t\t\t\t<\/a>\n\t\t\t\t\t\t\t<a class=\"e-gallery-item elementor-gallery-item elementor-animated-content\" href=\"https:\/\/www.hoteldelmar.es\/wp-content\/uploads\/2023\/01\/Hotel-del-Mar-Sant-Feliu-de-Guixols-Habitacions-14.jpg\" data-elementor-open-lightbox=\"yes\" data-elementor-lightbox-slideshow=\"c69ea9d\" data-elementor-lightbox-title=\"Hotel del Mar - Sant Feliu de Gu\u00edxols - Habitacions\" data-e-action-hash=\"#elementor-action%3Aaction%3Dlightbox%26settings%3DeyJpZCI6NjA2OSwidXJsIjoiaHR0cHM6XC9cL3d3dy5ob3RlbGRlbG1hci5lc1wvd3AtY29udGVudFwvdXBsb2Fkc1wvMjAyM1wvMDFcL0hvdGVsLWRlbC1NYXItU2FudC1GZWxpdS1kZS1HdWl4b2xzLUhhYml0YWNpb25zLTE0LmpwZyIsInNsaWRlc2hvdyI6ImM2OWVhOWQifQ%3D%3D\">\n\t\t\t\t\t<div class=\"e-gallery-image elementor-gallery-item__image\" data-thumbnail=\"https:\/\/www.hoteldelmar.es\/wp-content\/uploads\/2023\/01\/Hotel-del-Mar-Sant-Feliu-de-Guixols-Habitacions-14.jpg\" data-width=\"800\" data-height=\"534\" aria-label=\"Hotel del Mar - Sant Feliu de Gu\u00edxols - Camere\" role=\"img\" ><\/div>\n\t\t\t\t\t\t\t\t\t\t\t<div class=\"elementor-gallery-item__overlay\"><\/div>\n\t\t\t\t\t\t\t\t\t\t\t\t\t\t<\/a>\n\t\t\t\t\t\t\t<a class=\"e-gallery-item elementor-gallery-item elementor-animated-content\" href=\"https:\/\/www.hoteldelmar.es\/wp-content\/uploads\/2023\/01\/Hotel-del-Mar-Sant-Feliu-de-Guixols-Habitacions-13.jpg\" data-elementor-open-lightbox=\"yes\" data-elementor-lightbox-slideshow=\"c69ea9d\" data-elementor-lightbox-title=\"Hotel del Mar - Sant Feliu de Gu\u00edxols - Habitacions\" data-e-action-hash=\"#elementor-action%3Aaction%3Dlightbox%26settings%3DeyJpZCI6NjA2OCwidXJsIjoiaHR0cHM6XC9cL3d3dy5ob3RlbGRlbG1hci5lc1wvd3AtY29udGVudFwvdXBsb2Fkc1wvMjAyM1wvMDFcL0hvdGVsLWRlbC1NYXItU2FudC1GZWxpdS1kZS1HdWl4b2xzLUhhYml0YWNpb25zLTEzLmpwZyIsInNsaWRlc2hvdyI6ImM2OWVhOWQifQ%3D%3D\">\n\t\t\t\t\t<div class=\"e-gallery-image elementor-gallery-item__image\" data-thumbnail=\"https:\/\/www.hoteldelmar.es\/wp-content\/uploads\/2023\/01\/Hotel-del-Mar-Sant-Feliu-de-Guixols-Habitacions-13.jpg\" data-width=\"800\" data-height=\"534\" aria-label=\"Hotel del Mar - Sant Feliu de Gu\u00edxols - Camere\" role=\"img\" ><\/div>\n\t\t\t\t\t\t\t\t\t\t\t<div class=\"elementor-gallery-item__overlay\"><\/div>\n\t\t\t\t\t\t\t\t\t\t\t\t\t\t<\/a>\n\t\t\t\t\t\t\t<a class=\"e-gallery-item elementor-gallery-item elementor-animated-content\" href=\"https:\/\/www.hoteldelmar.es\/wp-content\/uploads\/2023\/01\/Hotel-del-Mar-Sant-Feliu-de-Guixols-Habitacions-6.jpg\" data-elementor-open-lightbox=\"yes\" data-elementor-lightbox-slideshow=\"c69ea9d\" data-elementor-lightbox-title=\"Hotel del Mar - Sant Feliu de Gu\u00edxols - Habitacions\" data-e-action-hash=\"#elementor-action%3Aaction%3Dlightbox%26settings%3DeyJpZCI6NjA2MSwidXJsIjoiaHR0cHM6XC9cL3d3dy5ob3RlbGRlbG1hci5lc1wvd3AtY29udGVudFwvdXBsb2Fkc1wvMjAyM1wvMDFcL0hvdGVsLWRlbC1NYXItU2FudC1GZWxpdS1kZS1HdWl4b2xzLUhhYml0YWNpb25zLTYuanBnIiwic2xpZGVzaG93IjoiYzY5ZWE5ZCJ9\">\n\t\t\t\t\t<div class=\"e-gallery-image elementor-gallery-item__image\" data-thumbnail=\"https:\/\/www.hoteldelmar.es\/wp-content\/uploads\/2023\/01\/Hotel-del-Mar-Sant-Feliu-de-Guixols-Habitacions-6.jpg\" data-width=\"800\" data-height=\"534\" aria-label=\"Hotel del Mar - Sant Feliu de Gu\u00edxols - Camere\" role=\"img\" ><\/div>\n\t\t\t\t\t\t\t\t\t\t\t<div class=\"elementor-gallery-item__overlay\"><\/div>\n\t\t\t\t\t\t\t\t\t\t\t\t\t\t<\/a>\n\t\t\t\t\t\t\t<a class=\"e-gallery-item elementor-gallery-item elementor-animated-content\" href=\"https:\/\/www.hoteldelmar.es\/wp-content\/uploads\/2023\/01\/Hotel-del-Mar-Sant-Feliu-de-Guixols-Habitacions-7.jpg\" data-elementor-open-lightbox=\"yes\" data-elementor-lightbox-slideshow=\"c69ea9d\" data-elementor-lightbox-title=\"Hotel del Mar - Sant Feliu de Gu\u00edxols - Habitacions\" data-e-action-hash=\"#elementor-action%3Aaction%3Dlightbox%26settings%3DeyJpZCI6NjA2MiwidXJsIjoiaHR0cHM6XC9cL3d3dy5ob3RlbGRlbG1hci5lc1wvd3AtY29udGVudFwvdXBsb2Fkc1wvMjAyM1wvMDFcL0hvdGVsLWRlbC1NYXItU2FudC1GZWxpdS1kZS1HdWl4b2xzLUhhYml0YWNpb25zLTcuanBnIiwic2xpZGVzaG93IjoiYzY5ZWE5ZCJ9\">\n\t\t\t\t\t<div class=\"e-gallery-image elementor-gallery-item__image\" data-thumbnail=\"https:\/\/www.hoteldelmar.es\/wp-content\/uploads\/2023\/01\/Hotel-del-Mar-Sant-Feliu-de-Guixols-Habitacions-7.jpg\" data-width=\"800\" data-height=\"534\" aria-label=\"Hotel del Mar - Sant Feliu de Gu\u00edxols - Camere\" role=\"img\" ><\/div>\n\t\t\t\t\t\t\t\t\t\t\t<div class=\"elementor-gallery-item__overlay\"><\/div>\n\t\t\t\t\t\t\t\t\t\t\t\t\t\t<\/a>\n\t\t\t\t\t\t\t<a class=\"e-gallery-item elementor-gallery-item elementor-animated-content\" href=\"https:\/\/www.hoteldelmar.es\/wp-content\/uploads\/2023\/01\/Hotel-del-Mar-Sant-Feliu-de-Guixols-Habitacions-1.jpg\" data-elementor-open-lightbox=\"yes\" data-elementor-lightbox-slideshow=\"c69ea9d\" data-elementor-lightbox-title=\"Hotel del Mar - Sant Feliu de Gu\u00edxols - Habitacions\" data-e-action-hash=\"#elementor-action%3Aaction%3Dlightbox%26settings%3DeyJpZCI6NjA1NiwidXJsIjoiaHR0cHM6XC9cL3d3dy5ob3RlbGRlbG1hci5lc1wvd3AtY29udGVudFwvdXBsb2Fkc1wvMjAyM1wvMDFcL0hvdGVsLWRlbC1NYXItU2FudC1GZWxpdS1kZS1HdWl4b2xzLUhhYml0YWNpb25zLTEuanBnIiwic2xpZGVzaG93IjoiYzY5ZWE5ZCJ9\">\n\t\t\t\t\t<div class=\"e-gallery-image elementor-gallery-item__image\" data-thumbnail=\"https:\/\/www.hoteldelmar.es\/wp-content\/uploads\/2023\/01\/Hotel-del-Mar-Sant-Feliu-de-Guixols-Habitacions-1.jpg\" data-width=\"800\" data-height=\"534\" aria-label=\"Hotel del Mar - Sant Feliu de Gu\u00edxols - Camere\" role=\"img\" ><\/div>\n\t\t\t\t\t\t\t\t\t\t\t<div class=\"elementor-gallery-item__overlay\"><\/div>\n\t\t\t\t\t\t\t\t\t\t\t\t\t\t<\/a>\n\t\t\t\t\t\t\t<a class=\"e-gallery-item elementor-gallery-item elementor-animated-content\" href=\"https:\/\/www.hoteldelmar.es\/wp-content\/uploads\/2023\/01\/Hotel-del-Mar-Sant-Feliu-de-Guixols-Habitacions-16.jpg\" data-elementor-open-lightbox=\"yes\" data-elementor-lightbox-slideshow=\"c69ea9d\" data-elementor-lightbox-title=\"Hotel del Mar - Sant Feliu de Gu\u00edxols - Habitacions\" data-e-action-hash=\"#elementor-action%3Aaction%3Dlightbox%26settings%3DeyJpZCI6NjA3MSwidXJsIjoiaHR0cHM6XC9cL3d3dy5ob3RlbGRlbG1hci5lc1wvd3AtY29udGVudFwvdXBsb2Fkc1wvMjAyM1wvMDFcL0hvdGVsLWRlbC1NYXItU2FudC1GZWxpdS1kZS1HdWl4b2xzLUhhYml0YWNpb25zLTE2LmpwZyIsInNsaWRlc2hvdyI6ImM2OWVhOWQifQ%3D%3D\">\n\t\t\t\t\t<div class=\"e-gallery-image elementor-gallery-item__image\" data-thumbnail=\"https:\/\/www.hoteldelmar.es\/wp-content\/uploads\/2023\/01\/Hotel-del-Mar-Sant-Feliu-de-Guixols-Habitacions-16.jpg\" data-width=\"800\" data-height=\"534\" aria-label=\"Hotel del Mar - Sant Feliu de Gu\u00edxols - Camere\" role=\"img\" ><\/div>\n\t\t\t\t\t\t\t\t\t\t\t<div class=\"elementor-gallery-item__overlay\"><\/div>\n\t\t\t\t\t\t\t\t\t\t\t\t\t\t<\/a>\n\t\t\t\t\t\t\t<a class=\"e-gallery-item elementor-gallery-item elementor-animated-content\" href=\"https:\/\/www.hoteldelmar.es\/wp-content\/uploads\/2023\/01\/Hotel-del-Mar-Sant-Feliu-de-Guixols-Habitacions-11.jpg\" data-elementor-open-lightbox=\"yes\" data-elementor-lightbox-slideshow=\"c69ea9d\" data-elementor-lightbox-title=\"Hotel del Mar - Sant Feliu de Gu\u00edxols - Habitacions\" data-e-action-hash=\"#elementor-action%3Aaction%3Dlightbox%26settings%3DeyJpZCI6NjA2NiwidXJsIjoiaHR0cHM6XC9cL3d3dy5ob3RlbGRlbG1hci5lc1wvd3AtY29udGVudFwvdXBsb2Fkc1wvMjAyM1wvMDFcL0hvdGVsLWRlbC1NYXItU2FudC1GZWxpdS1kZS1HdWl4b2xzLUhhYml0YWNpb25zLTExLmpwZyIsInNsaWRlc2hvdyI6ImM2OWVhOWQifQ%3D%3D\">\n\t\t\t\t\t<div class=\"e-gallery-image elementor-gallery-item__image\" data-thumbnail=\"https:\/\/www.hoteldelmar.es\/wp-content\/uploads\/2023\/01\/Hotel-del-Mar-Sant-Feliu-de-Guixols-Habitacions-11.jpg\" data-width=\"800\" data-height=\"534\" aria-label=\"Hotel del Mar - Sant Feliu de Gu\u00edxols - Camere\" role=\"img\" ><\/div>\n\t\t\t\t\t\t\t\t\t\t\t<div class=\"elementor-gallery-item__overlay\"><\/div>\n\t\t\t\t\t\t\t\t\t\t\t\t\t\t<\/a>\n\t\t\t\t\t\t\t<a class=\"e-gallery-item elementor-gallery-item elementor-animated-content\" href=\"https:\/\/www.hoteldelmar.es\/wp-content\/uploads\/2023\/01\/Hotel-del-Mar-Sant-Feliu-de-Guixols-Habitacions-15.jpg\" data-elementor-open-lightbox=\"yes\" data-elementor-lightbox-slideshow=\"c69ea9d\" data-elementor-lightbox-title=\"Hotel del Mar - Sant Feliu de Gu\u00edxols - Habitacions\" data-e-action-hash=\"#elementor-action%3Aaction%3Dlightbox%26settings%3DeyJpZCI6NjA3MCwidXJsIjoiaHR0cHM6XC9cL3d3dy5ob3RlbGRlbG1hci5lc1wvd3AtY29udGVudFwvdXBsb2Fkc1wvMjAyM1wvMDFcL0hvdGVsLWRlbC1NYXItU2FudC1GZWxpdS1kZS1HdWl4b2xzLUhhYml0YWNpb25zLTE1LmpwZyIsInNsaWRlc2hvdyI6ImM2OWVhOWQifQ%3D%3D\">\n\t\t\t\t\t<div class=\"e-gallery-image elementor-gallery-item__image\" data-thumbnail=\"https:\/\/www.hoteldelmar.es\/wp-content\/uploads\/2023\/01\/Hotel-del-Mar-Sant-Feliu-de-Guixols-Habitacions-15.jpg\" data-width=\"800\" data-height=\"534\" aria-label=\"Hotel del Mar - Sant Feliu de Gu\u00edxols - Camere\" role=\"img\" ><\/div>\n\t\t\t\t\t\t\t\t\t\t\t<div class=\"elementor-gallery-item__overlay\"><\/div>\n\t\t\t\t\t\t\t\t\t\t\t\t\t\t<\/a>\n\t\t\t\t\t\t\t<a class=\"e-gallery-item elementor-gallery-item elementor-animated-content\" href=\"https:\/\/www.hoteldelmar.es\/wp-content\/uploads\/2023\/01\/Hotel-del-Mar-Sant-Feliu-de-Guixols-Habitacions-18.jpg\" data-elementor-open-lightbox=\"yes\" data-elementor-lightbox-slideshow=\"c69ea9d\" data-elementor-lightbox-title=\"Hotel del Mar - Sant Feliu de Gu\u00edxols - Habitacions\" data-e-action-hash=\"#elementor-action%3Aaction%3Dlightbox%26settings%3DeyJpZCI6NjA3MywidXJsIjoiaHR0cHM6XC9cL3d3dy5ob3RlbGRlbG1hci5lc1wvd3AtY29udGVudFwvdXBsb2Fkc1wvMjAyM1wvMDFcL0hvdGVsLWRlbC1NYXItU2FudC1GZWxpdS1kZS1HdWl4b2xzLUhhYml0YWNpb25zLTE4LmpwZyIsInNsaWRlc2hvdyI6ImM2OWVhOWQifQ%3D%3D\">\n\t\t\t\t\t<div class=\"e-gallery-image elementor-gallery-item__image\" data-thumbnail=\"https:\/\/www.hoteldelmar.es\/wp-content\/uploads\/2023\/01\/Hotel-del-Mar-Sant-Feliu-de-Guixols-Habitacions-18.jpg\" data-width=\"800\" data-height=\"534\" aria-label=\"Hotel del Mar - Sant Feliu de Gu\u00edxols - Camere\" role=\"img\" ><\/div>\n\t\t\t\t\t\t\t\t\t\t\t<div class=\"elementor-gallery-item__overlay\"><\/div>\n\t\t\t\t\t\t\t\t\t\t\t\t\t\t<\/a>\n\t\t\t\t\t<\/div>\n\t\t\t\t\t<\/div>\n\t\t\t\t<\/div>\n\t\t\t\t\t<\/div>\n\t\t<\/div>\n\t\t\t\t\t<\/div>\n\t\t<\/section>\n\t\t\t\t<\/div>","protected":false},"excerpt":{"rendered":"<p>Hotel del Mar compta amb 16 habitacions individuals, dobles, triples i qu\u00e0druples totes elles amb el seg\u00fcent equipament: Televisi\u00f3. Bany complet privat. Balc\u00f3 o Terrassa. Totes les habitacions s\u00f3n exteriors i compten amb ventilador i calefacci\u00f3. Decoraci\u00f3 senzilla, amb terra de marbre i servei d\u2019habitacions diari. Wi-fi gratu\u00eft pels clients. Hotel del Mar \u00e9s el<br \/><a class=\"moretag\" href=\"https:\/\/www.hoteldelmar.es\/it\/habitacions\/\">+ Read More<\/a><\/p>","protected":false},"author":1,"featured_media":1738,"parent":0,"menu_order":0,"comment_status":"closed","ping_status":"closed","template":"templates\/page-fullwidth_template.php","meta":{"footnotes":""},"class_list":["post-13","page","type-page","status-publish","has-post-thumbnail","hentry"],"_links":{"self":[{"href":"https:\/\/www.hoteldelmar.es\/it\/wp-json\/wp\/v2\/pages\/13","targetHints":{"allow":["GET"]}}],"collection":[{"href":"https:\/\/www.hoteldelmar.es\/it\/wp-json\/wp\/v2\/pages"}],"about":[{"href":"https:\/\/www.hoteldelmar.es\/it\/wp-json\/wp\/v2\/types\/page"}],"author":[{"embeddable":true,"href":"https:\/\/www.hoteldelmar.es\/it\/wp-json\/wp\/v2\/users\/1"}],"replies":[{"embeddable":true,"href":"https:\/\/www.hoteldelmar.es\/it\/wp-json\/wp\/v2\/comments?post=13"}],"version-history":[{"count":0,"href":"https:\/\/www.hoteldelmar.es\/it\/wp-json\/wp\/v2\/pages\/13\/revisions"}],"wp:featuredmedia":[{"embeddable":true,"href":"https:\/\/www.hoteldelmar.es\/it\/wp-json\/wp\/v2\/media\/1738"}],"wp:attachment":[{"href":"https:\/\/www.hoteldelmar.es\/it\/wp-json\/wp\/v2\/media?parent=13"}],"curies":[{"name":"wp","href":"https:\/\/api.w.org\/{rel}","templated":true}]}}