{"id":19,"date":"2014-09-27T17:33:08","date_gmt":"2014-09-27T15:33:08","guid":{"rendered":"https:\/\/www.hoteldelmar.es\/?page_id=19"},"modified":"2026-04-10T14:42:55","modified_gmt":"2026-04-10T12:42:55","slug":"reserva-on-line","status":"publish","type":"page","link":"https:\/\/www.hoteldelmar.es\/it\/reserva-on-line\/","title":{"rendered":"Riservazioni on line"},"content":{"rendered":"\t\t<div data-elementor-type=\"wp-page\" data-elementor-id=\"19\" class=\"elementor elementor-19\" data-elementor-post-type=\"page\">\n\t\t\t\t\t\t<section class=\"elementor-section elementor-top-section elementor-element elementor-element-ea20714 elementor-section-full_width elementor-section-height-default elementor-section-height-default\" data-id=\"ea20714\" data-element_type=\"section\" data-e-type=\"section\">\n\t\t\t\t\t\t<div class=\"elementor-container elementor-column-gap-default\">\n\t\t\t\t\t<div class=\"elementor-column elementor-col-100 elementor-top-column elementor-element elementor-element-4accc760\" data-id=\"4accc760\" data-element_type=\"column\" data-e-type=\"column\">\n\t\t\t<div class=\"elementor-widget-wrap elementor-element-populated\">\n\t\t\t\t\t\t<div class=\"elementor-element elementor-element-0796816 elementor-widget elementor-widget-heading\" data-id=\"0796816\" data-element_type=\"widget\" data-e-type=\"widget\" data-widget_type=\"heading.default\">\n\t\t\t\t<div class=\"elementor-widget-container\">\n\t\t\t\t\t<h2 class=\"elementor-heading-title elementor-size-default\">Reservi la seva habitaci\u00f3 a Hotel del Mar. \u00c9s senzill i r\u00e0pid.<\/h2>\t\t\t\t<\/div>\n\t\t\t\t<\/div>\n\t\t\t\t<div class=\"elementor-element elementor-element-15be7b33 elementor-widget elementor-widget-text-editor\" data-id=\"15be7b33\" data-element_type=\"widget\" data-e-type=\"widget\" data-widget_type=\"text-editor.default\">\n\t\t\t\t<div class=\"elementor-widget-container\">\n\t\t\t\t\t\t\t\t\t<p style=\"text-align: justify;\">Nom\u00e9s cal que ompli el seg\u00fcent formulari i ens posarem en contacte amb vost\u00e8 en la major brevetat possible. Sense intermediaris i amb total garantia.<\/p><p style=\"text-align: justify;\"><strong>Aquesta solicitud no \u00e9s una confirmaci\u00f3 de reserva sin\u00f3 una petici\u00f3 de disponibilitat.<\/strong><\/p><p style=\"text-align: justify;\">Gr\u00e0cies per confiar en nosaltres!<\/p>\t\t\t\t\t\t\t\t<\/div>\n\t\t\t\t<\/div>\n\t\t\t\t\t<\/div>\n\t\t<\/div>\n\t\t\t\t\t<\/div>\n\t\t<\/section>\n\t\t\t\t<section class=\"elementor-section elementor-top-section elementor-element elementor-element-103d317 elementor-section-boxed elementor-section-height-default elementor-section-height-default\" data-id=\"103d317\" data-element_type=\"section\" data-e-type=\"section\">\n\t\t\t\t\t\t<div class=\"elementor-container elementor-column-gap-default\">\n\t\t\t\t\t<div class=\"elementor-column elementor-col-100 elementor-top-column elementor-element elementor-element-7e028cb\" data-id=\"7e028cb\" data-element_type=\"column\" data-e-type=\"column\">\n\t\t\t<div class=\"elementor-widget-wrap elementor-element-populated\">\n\t\t\t\t\t\t<div class=\"elementor-element elementor-element-2768d10 elementor-button-align-center elementor-widget elementor-widget-form\" data-id=\"2768d10\" data-element_type=\"widget\" data-e-type=\"widget\" data-settings=\"{&quot;step_next_label&quot;:&quot;Siguiente&quot;,&quot;step_previous_label&quot;:&quot;Anterior&quot;,&quot;button_width&quot;:&quot;100&quot;,&quot;step_type&quot;:&quot;number_text&quot;,&quot;step_icon_shape&quot;:&quot;circle&quot;}\" data-widget_type=\"form.default\">\n\t\t\t\t<div class=\"elementor-widget-container\">\n\t\t\t\t\t\t\t<form class=\"elementor-form\" method=\"post\" name=\"Reserva online\" aria-label=\"Reserva online\">\n\t\t\t<input type=\"hidden\" name=\"post_id\" value=\"19\"\/>\n\t\t\t<input type=\"hidden\" name=\"form_id\" value=\"2768d10\"\/>\n\t\t\t<input type=\"hidden\" name=\"referer_title\" value=\"Reserva on line\" \/>\n\n\t\t\t\t\t\t\t<input type=\"hidden\" name=\"queried_id\" value=\"19\"\/>\n\t\t\t\n\t\t\t<div class=\"elementor-form-fields-wrapper elementor-labels-above\">\n\t\t\t\t\t\t\t\t<div class=\"elementor-field-type-text elementor-field-group elementor-column elementor-field-group-nom elementor-col-50 elementor-field-required\">\n\t\t\t\t\t\t\t\t\t\t\t\t<label for=\"form-field-nom\" class=\"elementor-field-label\">\n\t\t\t\t\t\t\t\tNom i cognoms\t\t\t\t\t\t\t<\/label>\n\t\t\t\t\t\t\t\t\t\t\t\t\t\t<input size=\"1\" type=\"text\" name=\"form_fields[nom]\" id=\"form-field-nom\" class=\"elementor-field elementor-size-sm  elementor-field-textual\" required=\"required\">\n\t\t\t\t\t\t\t\t\t\t\t<\/div>\n\t\t\t\t\t\t\t\t<div class=\"elementor-field-type-email elementor-field-group elementor-column elementor-field-group-email elementor-col-50 elementor-field-required\">\n\t\t\t\t\t\t\t\t\t\t\t\t<label for=\"form-field-email\" class=\"elementor-field-label\">\n\t\t\t\t\t\t\t\tCorreu electr\u00f2nic\t\t\t\t\t\t\t<\/label>\n\t\t\t\t\t\t\t\t\t\t\t\t\t\t<input size=\"1\" type=\"email\" name=\"form_fields[email]\" id=\"form-field-email\" class=\"elementor-field elementor-size-sm  elementor-field-textual\" placeholder=\"Correu electr\u00f2nic\" required=\"required\">\n\t\t\t\t\t\t\t\t\t\t\t<\/div>\n\t\t\t\t\t\t\t\t<div class=\"elementor-field-type-date elementor-field-group elementor-column elementor-field-group-entrada elementor-col-30 elementor-md-50 elementor-sm-50 elementor-field-required\">\n\t\t\t\t\t\t\t\t\t\t\t\t<label for=\"form-field-entrada\" class=\"elementor-field-label\">\n\t\t\t\t\t\t\t\tData Entrada\t\t\t\t\t\t\t<\/label>\n\t\t\t\t\t\t\n\t\t<input type=\"date\" name=\"form_fields[entrada]\" id=\"form-field-entrada\" class=\"elementor-field elementor-size-sm  elementor-field-textual elementor-date-field\" required=\"required\" pattern=\"[0-9]{4}-[0-9]{2}-[0-9]{2}\">\n\t\t\t\t\t\t<\/div>\n\t\t\t\t\t\t\t\t<div class=\"elementor-field-type-date elementor-field-group elementor-column elementor-field-group-sortida elementor-col-30 elementor-md-50 elementor-sm-50 elementor-field-required\">\n\t\t\t\t\t\t\t\t\t\t\t\t<label for=\"form-field-sortida\" class=\"elementor-field-label\">\n\t\t\t\t\t\t\t\tData Sortida\t\t\t\t\t\t\t<\/label>\n\t\t\t\t\t\t\n\t\t<input type=\"date\" name=\"form_fields[sortida]\" id=\"form-field-sortida\" class=\"elementor-field elementor-size-sm  elementor-field-textual elementor-date-field\" required=\"required\" pattern=\"[0-9]{4}-[0-9]{2}-[0-9]{2}\">\n\t\t\t\t\t\t<\/div>\n\t\t\t\t\t\t\t\t<div class=\"elementor-field-type-select elementor-field-group elementor-column elementor-field-group-opcions elementor-col-40\">\n\t\t\t\t\t\t\t\t\t\t\t\t<label for=\"form-field-opcions\" class=\"elementor-field-label\">\n\t\t\t\t\t\t\t\tOpcions de reserva\t\t\t\t\t\t\t<\/label>\n\t\t\t\t\t\t\t\t<div class=\"elementor-field elementor-select-wrapper remove-before \">\n\t\t\t<div class=\"select-caret-down-wrapper\">\n\t\t\t\t<i aria-hidden=\"true\" class=\"eicon-caret-down\"><\/i>\t\t\t<\/div>\n\t\t\t<select name=\"form_fields[opcions]\" id=\"form-field-opcions\" class=\"elementor-field-textual elementor-size-sm\">\n\t\t\t\t\t\t\t\t\t<option value=\"-Trieu una opci\u00f3-\">-Trieu una opci\u00f3-<\/option>\n\t\t\t\t\t\t\t\t\t<option value=\"Habitaci\u00f3 individual\">Habitaci\u00f3 individual<\/option>\n\t\t\t\t\t\t\t\t\t<option value=\"Habitaci\u00f3 doble\">Habitaci\u00f3 doble<\/option>\n\t\t\t\t\t\t\t\t\t<option value=\"Habitaci\u00f3 triple\">Habitaci\u00f3 triple<\/option>\n\t\t\t\t\t\t\t\t\t<option value=\"Habitaci\u00f3 qu\u00e0druple\">Habitaci\u00f3 qu\u00e0druple<\/option>\n\t\t\t\t\t\t\t<\/select>\n\t\t<\/div>\n\t\t\t\t\t\t<\/div>\n\t\t\t\t\t\t\t\t<div class=\"elementor-field-type-select elementor-field-group elementor-column elementor-field-group-nens02 elementor-col-25 elementor-sm-50\">\n\t\t\t\t\t\t\t\t\t\t\t\t<label for=\"form-field-nens02\" class=\"elementor-field-label\">\n\t\t\t\t\t\t\t\tNens 0-2 anys\t\t\t\t\t\t\t<\/label>\n\t\t\t\t\t\t\t\t<div class=\"elementor-field elementor-select-wrapper remove-before \">\n\t\t\t<div class=\"select-caret-down-wrapper\">\n\t\t\t\t<i aria-hidden=\"true\" class=\"eicon-caret-down\"><\/i>\t\t\t<\/div>\n\t\t\t<select name=\"form_fields[nens02]\" id=\"form-field-nens02\" class=\"elementor-field-textual elementor-size-sm\">\n\t\t\t\t\t\t\t\t\t<option value=\"0\">0<\/option>\n\t\t\t\t\t\t\t\t\t<option value=\"1\">1<\/option>\n\t\t\t\t\t\t\t\t\t<option value=\"2\">2<\/option>\n\t\t\t\t\t\t\t\t\t<option value=\"3\">3<\/option>\n\t\t\t\t\t\t\t\t\t<option value=\"4\">4<\/option>\n\t\t\t\t\t\t\t\t\t<option value=\"5\">5<\/option>\n\t\t\t\t\t\t\t\t\t<option value=\"6\">6<\/option>\n\t\t\t\t\t\t\t<\/select>\n\t\t<\/div>\n\t\t\t\t\t\t<\/div>\n\t\t\t\t\t\t\t\t<div class=\"elementor-field-type-select elementor-field-group elementor-column elementor-field-group-nens39 elementor-col-25 elementor-sm-50\">\n\t\t\t\t\t\t\t\t\t\t\t\t<label for=\"form-field-nens39\" class=\"elementor-field-label\">\n\t\t\t\t\t\t\t\tNens 3-9 anys\t\t\t\t\t\t\t<\/label>\n\t\t\t\t\t\t\t\t<div class=\"elementor-field elementor-select-wrapper remove-before \">\n\t\t\t<div class=\"select-caret-down-wrapper\">\n\t\t\t\t<i aria-hidden=\"true\" class=\"eicon-caret-down\"><\/i>\t\t\t<\/div>\n\t\t\t<select name=\"form_fields[nens39]\" id=\"form-field-nens39\" class=\"elementor-field-textual elementor-size-sm\">\n\t\t\t\t\t\t\t\t\t<option value=\"0\">0<\/option>\n\t\t\t\t\t\t\t\t\t<option value=\"1\">1<\/option>\n\t\t\t\t\t\t\t\t\t<option value=\"2\">2<\/option>\n\t\t\t\t\t\t\t\t\t<option value=\"3\">3<\/option>\n\t\t\t\t\t\t\t\t\t<option value=\"4\">4<\/option>\n\t\t\t\t\t\t\t\t\t<option value=\"5\">5<\/option>\n\t\t\t\t\t\t\t\t\t<option value=\"6\">6<\/option>\n\t\t\t\t\t\t\t<\/select>\n\t\t<\/div>\n\t\t\t\t\t\t<\/div>\n\t\t\t\t\t\t\t\t<div class=\"elementor-field-type-select elementor-field-group elementor-column elementor-field-group-adults elementor-col-25 elementor-sm-50\">\n\t\t\t\t\t\t\t\t\t\t\t\t<label for=\"form-field-adults\" class=\"elementor-field-label\">\n\t\t\t\t\t\t\t\tAdults\t\t\t\t\t\t\t<\/label>\n\t\t\t\t\t\t\t\t<div class=\"elementor-field elementor-select-wrapper remove-before \">\n\t\t\t<div class=\"select-caret-down-wrapper\">\n\t\t\t\t<i aria-hidden=\"true\" class=\"eicon-caret-down\"><\/i>\t\t\t<\/div>\n\t\t\t<select name=\"form_fields[adults]\" id=\"form-field-adults\" class=\"elementor-field-textual elementor-size-sm\">\n\t\t\t\t\t\t\t\t\t<option value=\"0\">0<\/option>\n\t\t\t\t\t\t\t\t\t<option value=\"1\">1<\/option>\n\t\t\t\t\t\t\t\t\t<option value=\"2\">2<\/option>\n\t\t\t\t\t\t\t\t\t<option value=\"3\">3<\/option>\n\t\t\t\t\t\t\t\t\t<option value=\"4\">4<\/option>\n\t\t\t\t\t\t\t\t\t<option value=\"5\">5<\/option>\n\t\t\t\t\t\t\t\t\t<option value=\"6\">6<\/option>\n\t\t\t\t\t\t\t<\/select>\n\t\t<\/div>\n\t\t\t\t\t\t<\/div>\n\t\t\t\t\t\t\t\t<div class=\"elementor-field-type-acceptance elementor-field-group elementor-column elementor-field-group-accepto elementor-col-100 elementor-field-required\">\n\t\t\t\t\t\t\t<div class=\"elementor-field-subgroup\">\n\t\t\t<span class=\"elementor-field-option\">\n\t\t\t\t<input type=\"checkbox\" name=\"form_fields[accepto]\" id=\"form-field-accepto\" class=\"elementor-field elementor-size-sm  elementor-acceptance-field\" required=\"required\">\n\t\t\t\t<label for=\"form-field-accepto\">He llegit i accepto els termes i condicions de <a href=https:\/\/www.hoteldelmar.es\/politica-de-privacitat\/ target='_blank'><em>protecci\u00f3 de dades i pol\u00edtica de privacitat.<\/em><\/a><\/label>\t\t\t<\/span>\n\t\t<\/div>\n\t\t\t\t\t\t<\/div>\n\t\t\t\t\t\t\t\t<div class=\"elementor-field-type-acceptance elementor-field-group elementor-column elementor-field-group-autoritzo elementor-col-100 elementor-field-required\">\n\t\t\t\t\t\t\t<div class=\"elementor-field-subgroup\">\n\t\t\t<span class=\"elementor-field-option\">\n\t\t\t\t<input type=\"checkbox\" name=\"form_fields[autoritzo]\" id=\"form-field-autoritzo\" class=\"elementor-field elementor-size-sm  elementor-acceptance-field\" required=\"required\">\n\t\t\t\t<label for=\"form-field-autoritzo\">Autoritzo el tractament de les meves dades per poder rebre informaci\u00f3 per mitjans electr\u00f2nics.<\/label>\t\t\t<\/span>\n\t\t<\/div>\n\t\t\t\t\t\t<\/div>\n\t\t\t\t\t\t\t\t<div class=\"elementor-field-group elementor-column elementor-field-type-submit elementor-col-100 e-form__buttons\">\n\t\t\t\t\t<button class=\"elementor-button elementor-size-sm\" type=\"submit\">\n\t\t\t\t\t\t<span class=\"elementor-button-content-wrapper\">\n\t\t\t\t\t\t\t\t\t\t\t\t\t\t\t\t\t\t\t\t\t\t<span class=\"elementor-button-text\">Enviar<\/span>\n\t\t\t\t\t\t\t\t\t\t\t\t\t<\/span>\n\t\t\t\t\t<\/button>\n\t\t\t\t<\/div>\n\t\t\t<\/div>\n\t\t<\/form>\n\t\t\t\t\t\t<\/div>\n\t\t\t\t<\/div>\n\t\t\t\t<div class=\"elementor-element elementor-element-d777aab elementor-widget elementor-widget-toggle\" data-id=\"d777aab\" data-element_type=\"widget\" data-e-type=\"widget\" data-widget_type=\"toggle.default\">\n\t\t\t\t<div class=\"elementor-widget-container\">\n\t\t\t\t\t\t\t<div class=\"elementor-toggle\">\n\t\t\t\t\t\t\t<div class=\"elementor-toggle-item\">\n\t\t\t\t\t<div id=\"elementor-tab-title-2251\" class=\"elementor-tab-title\" data-tab=\"1\" role=\"button\" aria-controls=\"elementor-tab-content-2251\" aria-expanded=\"false\">\n\t\t\t\t\t\t\t\t\t\t\t\t<span class=\"elementor-toggle-icon elementor-toggle-icon-left\" aria-hidden=\"true\">\n\t\t\t\t\t\t\t\t\t\t\t\t\t\t\t<span class=\"elementor-toggle-icon-closed\"><i class=\"fas fa-angle-down\"><\/i><\/span>\n\t\t\t\t\t\t\t\t<span class=\"elementor-toggle-icon-opened\"><i class=\"elementor-toggle-icon-opened fas fa-angle-up\"><\/i><\/span>\n\t\t\t\t\t\t\t\t\t\t\t\t\t<\/span>\n\t\t\t\t\t\t\t\t\t\t\t\t<a class=\"elementor-toggle-title\" tabindex=\"0\">Informaci\u00f3 b\u00e0sica sobre el tractament de dades - Reglament (UE) 2016\/679<\/a>\n\t\t\t\t\t<\/div>\n\n\t\t\t\t\t<div id=\"elementor-tab-content-2251\" class=\"elementor-tab-content elementor-clearfix\" data-tab=\"1\" role=\"region\" aria-labelledby=\"elementor-tab-title-2251\"><p style=\"text-align: justify;\"><b>Hotel del Mar<\/b> informa que les dades de car\u00e0cter personal que ens proporcionis omplint aquest formulari seran tractades per nosaltres com a responsable \u00faltima d&#8217;aquesta web | La finalitat de la recollida i tractament de les dades personals que et sol\u00b7licitem \u00e9s enviar-te les nostres publicacions, promocions de productes i\/o serveis i recursos exclusius | En marcar la casella d&#8217;acceptaci\u00f3, est\u00e0s donant el teu leg\u00edtim consentiment perqu\u00e8 les teves dades siguin tractades conforme a les finalitats d&#8217;aquest formulari descrites en la <strong><a href=\"https:\/\/www.hoteldelmar.es\/politica-de-privacitat\/\" target=\"_blank\" rel=\"noopener\">pol\u00edtica de privacitat<\/a><\/strong> | Com a usuari i interessat t&#8217;informem que les dades que ens facilites seran guardades als servidors d\u2019<strong>Estudi 33<\/strong> (administrador del servidor d&#8217;allotjament web), garantint l&#8217;empresa uns nivells de seguretat adequats (<a href=\"https:\/\/www.estudi33.net\/politica-de-privacitat\/\" target=\"_blank\" rel=\"noopener\"><strong>veure pol\u00edtica de privacitat d\u2019Estudi 33<\/strong><\/a>) | Podr\u00e0s exercir els teus drets d&#8217;acc\u00e9s, rectificaci\u00f3, limitaci\u00f3 i suprimir les dades a <a href=\"mailto:info@hotelmar.es\"><strong>info@hoteldelmar.es<\/strong><\/a>. Pots consultar la informaci\u00f3 addicional i detallada sobre Protecci\u00f3 de Dades a la nostra <strong><a href=\"https:\/\/www.hoteldelmar.es\/politica-de-privacitat\/\" target=\"_blank\" rel=\"noopener\">pol\u00edtica de privacitat<\/a><\/strong>.<\/p><\/div>\n\t\t\t\t<\/div>\n\t\t\t\t\t\t\t\t<\/div>\n\t\t\t\t\t\t<\/div>\n\t\t\t\t<\/div>\n\t\t\t\t\t<\/div>\n\t\t<\/div>\n\t\t\t\t\t<\/div>\n\t\t<\/section>\n\t\t\t\t<\/div>\n\t\t","protected":false},"excerpt":{"rendered":"<p>Reservi la seva habitaci\u00f3 a Hotel del Mar. \u00c9s senzill i r\u00e0pid. Nom\u00e9s cal que ompli el seg\u00fcent formulari i ens posarem en contacte amb vost\u00e8 en la major brevetat possible. Sense intermediaris i amb total garantia. Aquesta solicitud no \u00e9s una confirmaci\u00f3 de reserva sin\u00f3 una petici\u00f3 de disponibilitat. Gr\u00e0cies per confiar en nosaltres!<br \/><a class=\"moretag\" href=\"https:\/\/www.hoteldelmar.es\/it\/reserva-on-line\/\">+ Read More<\/a><\/p>","protected":false},"author":1,"featured_media":2226,"parent":0,"menu_order":0,"comment_status":"closed","ping_status":"closed","template":"templates\/page-fullwidth_template.php","meta":{"footnotes":""},"class_list":["post-19","page","type-page","status-publish","has-post-thumbnail","hentry"],"_links":{"self":[{"href":"https:\/\/www.hoteldelmar.es\/it\/wp-json\/wp\/v2\/pages\/19","targetHints":{"allow":["GET"]}}],"collection":[{"href":"https:\/\/www.hoteldelmar.es\/it\/wp-json\/wp\/v2\/pages"}],"about":[{"href":"https:\/\/www.hoteldelmar.es\/it\/wp-json\/wp\/v2\/types\/page"}],"author":[{"embeddable":true,"href":"https:\/\/www.hoteldelmar.es\/it\/wp-json\/wp\/v2\/users\/1"}],"replies":[{"embeddable":true,"href":"https:\/\/www.hoteldelmar.es\/it\/wp-json\/wp\/v2\/comments?post=19"}],"version-history":[{"count":9,"href":"https:\/\/www.hoteldelmar.es\/it\/wp-json\/wp\/v2\/pages\/19\/revisions"}],"predecessor-version":[{"id":7405,"href":"https:\/\/www.hoteldelmar.es\/it\/wp-json\/wp\/v2\/pages\/19\/revisions\/7405"}],"wp:featuredmedia":[{"embeddable":true,"href":"https:\/\/www.hoteldelmar.es\/it\/wp-json\/wp\/v2\/media\/2226"}],"wp:attachment":[{"href":"https:\/\/www.hoteldelmar.es\/it\/wp-json\/wp\/v2\/media?parent=19"}],"curies":[{"name":"wp","href":"https:\/\/api.w.org\/{rel}","templated":true}]}}