{"id":15,"date":"2014-09-27T17:32:31","date_gmt":"2014-09-27T15:32:31","guid":{"rendered":"https:\/\/www.hoteldelmar.es\/?page_id=15"},"modified":"2026-01-10T18:06:17","modified_gmt":"2026-01-10T17:06:17","slug":"serveis","status":"publish","type":"page","link":"https:\/\/www.hoteldelmar.es\/ru\/serveis\/","title":{"rendered":"Y\u0441\u043b\u0443\u0433\u0438"},"content":{"rendered":"<div data-elementor-type=\"wp-page\" data-elementor-id=\"15\" class=\"elementor elementor-15\" data-elementor-post-type=\"page\">\n\t\t\t\t\t\t<section class=\"elementor-section elementor-top-section elementor-element elementor-element-4dfbd5b5 elementor-section-full_width elementor-section-height-default elementor-section-height-default\" data-id=\"4dfbd5b5\" data-element_type=\"section\" data-e-type=\"section\">\n\t\t\t\t\t\t<div class=\"elementor-container elementor-column-gap-no\">\n\t\t\t\t\t<div class=\"elementor-column elementor-col-100 elementor-top-column elementor-element elementor-element-cb085b2\" data-id=\"cb085b2\" data-element_type=\"column\" data-e-type=\"column\">\n\t\t\t<div class=\"elementor-widget-wrap elementor-element-populated\">\n\t\t\t\t\t\t<div class=\"elementor-element elementor-element-1f8bde7 elementor-widget elementor-widget-heading\" data-id=\"1f8bde7\" data-element_type=\"widget\" data-e-type=\"widget\" data-widget_type=\"heading.default\">\n\t\t\t\t<div class=\"elementor-widget-container\">\n\t\t\t\t\t<h3 class=\"elementor-heading-title elementor-size-default\">\u041e\u0442\u0435\u043b\u044c \u0434\u0435\u043b\u044c \u041c\u0430\u0440 \u043f\u0440\u0435\u0434\u043b\u0430\u0433\u0430\u0435\u0442 \u0441\u0432\u043e\u0438\u043c \u043a\u043b\u0438\u0435\u043d\u0442\u0430\u043c \u0441\u043b\u0435\u0434\u0443\u044e\u0449\u0438\u0435 \u043f\u043e\u043c\u0435\u0449\u0435\u043d\u0438\u044f \u0438 \u0443\u0441\u043b\u0443\u0433\u0438<\/h3>\t\t\t\t<\/div>\n\t\t\t\t<\/div>\n\t\t\t\t<div class=\"elementor-element elementor-element-19a8dcba elementor-widget elementor-widget-text-editor\" data-id=\"19a8dcba\" data-element_type=\"widget\" data-e-type=\"widget\" data-widget_type=\"text-editor.default\">\n\t\t\t\t<div class=\"elementor-widget-container\">\n\t\t\t\t\t\t\t\t\t<ul><li>\u041f\u0440\u0438\u0435\u043c \u043e\u0442\u043a\u0440\u044b\u0442 \u0441 8 \u0434\u043e 20 \u0447\u0430\u0441\u043e\u0432.<\/li><li>\u0427\u0438\u0442\u0430\u043b\u044c\u043d\u044b\u0439 \u0437\u0430\u043b.<\/li><li>\u0422\u0412 \u0437\u043e\u043d\u0430.<\/li><li>\u0414\u0435\u0442\u0441\u043a\u0430\u044f \u043a\u043e\u043c\u043d\u0430\u0442\u0430.<\/li><li>\u041b\u0430\u0443\u043d\u0436-\u0442\u0435\u0440\u0440\u0430\u0441\u0430<\/li><li>\u042d\u043a\u0441\u043a\u0443\u0440\u0441\u0438\u043e\u043d\u043d\u043e\u0435 \u0431\u044e\u0440\u043e.<\/li><li>\u041b\u0438\u0444\u0442.<\/li><li>\u041a\u0430\u0444\u0435 (\u043e\u0442\u043a\u0440\u044b\u0442 \u0434\u043b\u044f \u0437\u0430\u0432\u0442\u0440\u0430\u043a\u043e\u0432).<\/li><li>\u043f\u043e\u043c\u0435\u0449\u0435\u043d\u0438\u0435 \u0434\u043b\u044f \u0445\u0440\u0430\u043d\u0435\u043d\u0438\u044f \u0431\u0430\u0433\u0430\u0436\u0430.<\/li><li>\u0421\u0435\u0439\u0444 \u043d\u0430 \u0440\u0435\u0441\u0435\u043f\u0448\u0435\u043d\u0435.<\/li><li>\u0414\u0435\u0442\u0441\u043a\u0430\u044f \u043a\u0440\u043e\u0432\u0430\u0442\u043a\u0430 \u043f\u0440\u0435\u0434\u043e\u0441\u0442\u0430\u0432\u043b\u044f\u0435\u0442\u0441\u044f \u0431\u0435\u0441\u043f\u043b\u0430\u0442\u043d\u043e \u0438 \u043f\u043e \u0437\u0430\u043f\u0440\u043e\u0441\u0443.<\/li><li>\u0412\u0430\u0439-\u0424\u0430\u0439 \u0432\u043e \u0432\u0441\u0435\u043c \u0437\u0434\u0430\u043d\u0438\u0438.<\/li><li>\u0418\u043d\u0442\u0435\u0440\u043d\u0435\u0442-\u043a\u0430\u0444\u0435.<\/li><li>\u0411\u0435\u0441\u043f\u043b\u0430\u0442\u043d\u0430\u044f \u043f\u0430\u0440\u043a\u043e\u0432\u043a\u0430 \u043d\u0430 \u043f\u0440\u0438\u043b\u0435\u0433\u0430\u044e\u0449\u0435\u0439 \u0442\u0435\u0440\u0440\u0438\u0442\u043e\u0440\u0438\u0438 (\u043f\u0440\u0435\u0434\u0432\u0430\u0440\u0438\u0442\u0435\u043b\u044c\u043d\u044b\u0439 \u0437\u0430\u043a\u0430\u0437). \u041f\u043b\u0430\u0442\u043d\u0430\u044f \u043f\u0430\u0440\u043a\u043e\u0432\u043a\u0430 (\u0441\u043c. \u0441\u0442\u043e\u0438\u043c\u043e\u0441\u0442\u044c \u0432 \u0441\u0443\u0442\u043a\u0438).<\/li><li>\u041d\u0430\u0448 \u043f\u0435\u0440\u0441\u043e\u043d\u0430\u043b \u0433\u043e\u0432\u043e\u0440\u0438\u0442 \u043d\u0430 \u041a\u0430\u0442\u0430\u043b\u043e\u043d\u0441\u043a\u043e\u043c, \u0418\u0441\u043f\u0430\u043d\u0441\u043a\u043e\u043c, \u0410\u043d\u0433\u043b\u0438\u0439\u0441\u043a\u043e\u043c, \u0424\u0440\u0430\u043d\u0446\u0443\u0437\u0441\u043a\u043e\u043c \u0438 \u0418\u0442\u0430\u043b\u044c\u044f\u043d\u0441\u043a\u043e\u043c \u044f\u0437\u044b\u043a\u0430\u0445.<\/li><li>\u0414\u043e\u043c\u0430\u0448\u043d\u0438\u0435 \u0436\u0438\u0432\u043e\u0442\u043d\u044b\u0435 \u043f\u0440\u0438\u043d\u0438\u043c\u0430\u044e\u0442\u0441\u044f \u0431\u0435\u0441\u043f\u043b\u0430\u0442\u043d\u043e \u043f\u043e \u0437\u0430\u043f\u0440\u043e\u0441\u0443.<\/li><\/ul><p style=\"text-align: center;\" class=\"translation-block\">\u041c\u044b \u041f\u0440\u0438\u043d\u0438\u043c\u0430\u0435\u043c: <strong>Visa<\/strong>, <strong>Master Card<\/strong>, <strong>Maestro<\/strong>, <strong>Carte Bleue<\/strong><\/p><p style=\"text-align: left;\"><img fetchpriority=\"high\" decoding=\"async\" class=\"aligncenter wp-image-1295\" src=\"https:\/\/www.hoteldelmar.es\/wp-content\/uploads\/2017\/12\/Tarjes-cr\u00e8dit.png\" alt=\"\" width=\"600\" height=\"89\" srcset=\"https:\/\/www.hoteldelmar.es\/wp-content\/uploads\/2017\/12\/Tarjes-cr\u00e8dit.png 1000w, https:\/\/www.hoteldelmar.es\/wp-content\/uploads\/2017\/12\/Tarjes-cr\u00e8dit-300x44.png 300w, https:\/\/www.hoteldelmar.es\/wp-content\/uploads\/2017\/12\/Tarjes-cr\u00e8dit-768x114.png 768w\" sizes=\"(max-width: 600px) 100vw, 600px\" \/><\/p>\t\t\t\t\t\t\t\t<\/div>\n\t\t\t\t<\/div>\n\t\t\t\t\t<\/div>\n\t\t<\/div>\n\t\t\t\t\t<\/div>\n\t\t<\/section>\n\t\t\t\t<section class=\"elementor-section elementor-top-section elementor-element elementor-element-85e9c8a elementor-section-full_width elementor-section-height-default elementor-section-height-default\" data-id=\"85e9c8a\" data-element_type=\"section\" data-e-type=\"section\">\n\t\t\t\t\t\t<div class=\"elementor-container elementor-column-gap-no\">\n\t\t\t\t\t<div class=\"elementor-column elementor-col-100 elementor-top-column elementor-element elementor-element-f0fbb4d\" data-id=\"f0fbb4d\" data-element_type=\"column\" data-e-type=\"column\">\n\t\t\t<div class=\"elementor-widget-wrap elementor-element-populated\">\n\t\t\t\t\t\t<div class=\"elementor-element elementor-element-40745e7 elementor-widget elementor-widget-gallery\" data-id=\"40745e7\" data-element_type=\"widget\" data-e-type=\"widget\" data-settings=\"{&quot;aspect_ratio&quot;:&quot;16:9&quot;,&quot;lazyload&quot;:&quot;yes&quot;,&quot;gallery_layout&quot;:&quot;grid&quot;,&quot;columns&quot;:4,&quot;columns_tablet&quot;:2,&quot;columns_mobile&quot;:1,&quot;gap&quot;:{&quot;unit&quot;:&quot;px&quot;,&quot;size&quot;:10,&quot;sizes&quot;:[]},&quot;gap_tablet&quot;:{&quot;unit&quot;:&quot;px&quot;,&quot;size&quot;:10,&quot;sizes&quot;:[]},&quot;gap_mobile&quot;:{&quot;unit&quot;:&quot;px&quot;,&quot;size&quot;:10,&quot;sizes&quot;:[]},&quot;link_to&quot;:&quot;file&quot;,&quot;overlay_background&quot;:&quot;yes&quot;,&quot;content_hover_animation&quot;:&quot;fade-in&quot;}\" data-widget_type=\"gallery.default\">\n\t\t\t\t<div class=\"elementor-widget-container\">\n\t\t\t\t\t\t\t<div class=\"elementor-gallery__container\">\n\t\t\t\t\t\t\t<a class=\"e-gallery-item elementor-gallery-item elementor-animated-content\" href=\"https:\/\/www.hoteldelmar.es\/wp-content\/uploads\/2020\/05\/Hotel-del-Mar-Serveis-13.jpg\" data-elementor-open-lightbox=\"yes\" data-elementor-lightbox-slideshow=\"40745e7\" data-elementor-lightbox-title=\"Hotel del Mar | Serveis\" data-e-action-hash=\"#elementor-action%3Aaction%3Dlightbox%26settings%3DeyJpZCI6MjI0NCwidXJsIjoiaHR0cHM6XC9cL3d3dy5ob3RlbGRlbG1hci5lc1wvd3AtY29udGVudFwvdXBsb2Fkc1wvMjAyMFwvMDVcL0hvdGVsLWRlbC1NYXItU2VydmVpcy0xMy5qcGciLCJzbGlkZXNob3ciOiI0MDc0NWU3In0%3D\">\n\t\t\t\t\t<div class=\"e-gallery-image elementor-gallery-item__image\" data-thumbnail=\"https:\/\/www.hoteldelmar.es\/wp-content\/uploads\/2020\/05\/Hotel-del-Mar-Serveis-13.jpg\" data-width=\"960\" data-height=\"600\" aria-label=\"\u041e\u0442\u0435\u043b\u044c \u0434\u0435\u043b\u044c \u041c\u0430\u0440 | Y\u0441\u043b\u0443\u0433\u0438\" role=\"img\" ><\/div>\n\t\t\t\t\t\t\t\t\t\t\t<div class=\"elementor-gallery-item__overlay\"><\/div>\n\t\t\t\t\t\t\t\t\t\t\t\t\t\t<\/a>\n\t\t\t\t\t\t\t<a class=\"e-gallery-item elementor-gallery-item elementor-animated-content\" href=\"https:\/\/www.hoteldelmar.es\/wp-content\/uploads\/2020\/05\/Hotel-del-Mar-Serveis-02.jpg\" data-elementor-open-lightbox=\"yes\" data-elementor-lightbox-slideshow=\"40745e7\" data-elementor-lightbox-title=\"Hotel del Mar | Serveis\" data-e-action-hash=\"#elementor-action%3Aaction%3Dlightbox%26settings%3DeyJpZCI6MjIzMywidXJsIjoiaHR0cHM6XC9cL3d3dy5ob3RlbGRlbG1hci5lc1wvd3AtY29udGVudFwvdXBsb2Fkc1wvMjAyMFwvMDVcL0hvdGVsLWRlbC1NYXItU2VydmVpcy0wMi5qcGciLCJzbGlkZXNob3ciOiI0MDc0NWU3In0%3D\">\n\t\t\t\t\t<div class=\"e-gallery-image elementor-gallery-item__image\" data-thumbnail=\"https:\/\/www.hoteldelmar.es\/wp-content\/uploads\/2020\/05\/Hotel-del-Mar-Serveis-02.jpg\" data-width=\"960\" data-height=\"600\" aria-label=\"\u041e\u0442\u0435\u043b\u044c \u0434\u0435\u043b\u044c \u041c\u0430\u0440 | Y\u0441\u043b\u0443\u0433\u0438\" role=\"img\" ><\/div>\n\t\t\t\t\t\t\t\t\t\t\t<div class=\"elementor-gallery-item__overlay\"><\/div>\n\t\t\t\t\t\t\t\t\t\t\t\t\t\t<\/a>\n\t\t\t\t\t\t\t<a class=\"e-gallery-item elementor-gallery-item elementor-animated-content\" href=\"https:\/\/www.hoteldelmar.es\/wp-content\/uploads\/2020\/05\/Hotel-del-Mar-Serveis-08.jpg\" data-elementor-open-lightbox=\"yes\" data-elementor-lightbox-slideshow=\"40745e7\" data-elementor-lightbox-title=\"Hotel del Mar | Serveis\" data-e-action-hash=\"#elementor-action%3Aaction%3Dlightbox%26settings%3DeyJpZCI6MjIzOSwidXJsIjoiaHR0cHM6XC9cL3d3dy5ob3RlbGRlbG1hci5lc1wvd3AtY29udGVudFwvdXBsb2Fkc1wvMjAyMFwvMDVcL0hvdGVsLWRlbC1NYXItU2VydmVpcy0wOC5qcGciLCJzbGlkZXNob3ciOiI0MDc0NWU3In0%3D\">\n\t\t\t\t\t<div class=\"e-gallery-image elementor-gallery-item__image\" data-thumbnail=\"https:\/\/www.hoteldelmar.es\/wp-content\/uploads\/2020\/05\/Hotel-del-Mar-Serveis-08.jpg\" data-width=\"960\" data-height=\"600\" aria-label=\"\u041e\u0442\u0435\u043b\u044c \u0434\u0435\u043b\u044c \u041c\u0430\u0440 | Y\u0441\u043b\u0443\u0433\u0438\" role=\"img\" ><\/div>\n\t\t\t\t\t\t\t\t\t\t\t<div class=\"elementor-gallery-item__overlay\"><\/div>\n\t\t\t\t\t\t\t\t\t\t\t\t\t\t<\/a>\n\t\t\t\t\t\t\t<a class=\"e-gallery-item elementor-gallery-item elementor-animated-content\" href=\"https:\/\/www.hoteldelmar.es\/wp-content\/uploads\/2020\/05\/Hotel-del-Mar-Serveis-11.jpg\" data-elementor-open-lightbox=\"yes\" data-elementor-lightbox-slideshow=\"40745e7\" data-elementor-lightbox-title=\"Hotel del Mar | Serveis\" data-e-action-hash=\"#elementor-action%3Aaction%3Dlightbox%26settings%3DeyJpZCI6MjI0MiwidXJsIjoiaHR0cHM6XC9cL3d3dy5ob3RlbGRlbG1hci5lc1wvd3AtY29udGVudFwvdXBsb2Fkc1wvMjAyMFwvMDVcL0hvdGVsLWRlbC1NYXItU2VydmVpcy0xMS5qcGciLCJzbGlkZXNob3ciOiI0MDc0NWU3In0%3D\">\n\t\t\t\t\t<div class=\"e-gallery-image elementor-gallery-item__image\" data-thumbnail=\"https:\/\/www.hoteldelmar.es\/wp-content\/uploads\/2020\/05\/Hotel-del-Mar-Serveis-11.jpg\" data-width=\"960\" data-height=\"600\" aria-label=\"\u041e\u0442\u0435\u043b\u044c \u0434\u0435\u043b\u044c \u041c\u0430\u0440 | Y\u0441\u043b\u0443\u0433\u0438\" role=\"img\" ><\/div>\n\t\t\t\t\t\t\t\t\t\t\t<div class=\"elementor-gallery-item__overlay\"><\/div>\n\t\t\t\t\t\t\t\t\t\t\t\t\t\t<\/a>\n\t\t\t\t\t\t\t<a class=\"e-gallery-item elementor-gallery-item elementor-animated-content\" href=\"https:\/\/www.hoteldelmar.es\/wp-content\/uploads\/2020\/05\/Hotel-del-Mar-Serveis-15.jpg\" data-elementor-open-lightbox=\"yes\" data-elementor-lightbox-slideshow=\"40745e7\" data-elementor-lightbox-title=\"Hotel del Mar | Serveis\" data-e-action-hash=\"#elementor-action%3Aaction%3Dlightbox%26settings%3DeyJpZCI6MjI0NiwidXJsIjoiaHR0cHM6XC9cL3d3dy5ob3RlbGRlbG1hci5lc1wvd3AtY29udGVudFwvdXBsb2Fkc1wvMjAyMFwvMDVcL0hvdGVsLWRlbC1NYXItU2VydmVpcy0xNS5qcGciLCJzbGlkZXNob3ciOiI0MDc0NWU3In0%3D\">\n\t\t\t\t\t<div class=\"e-gallery-image elementor-gallery-item__image\" data-thumbnail=\"https:\/\/www.hoteldelmar.es\/wp-content\/uploads\/2020\/05\/Hotel-del-Mar-Serveis-15.jpg\" data-width=\"960\" data-height=\"600\" aria-label=\"\u041e\u0442\u0435\u043b\u044c \u0434\u0435\u043b\u044c \u041c\u0430\u0440 | Y\u0441\u043b\u0443\u0433\u0438\" role=\"img\" ><\/div>\n\t\t\t\t\t\t\t\t\t\t\t<div class=\"elementor-gallery-item__overlay\"><\/div>\n\t\t\t\t\t\t\t\t\t\t\t\t\t\t<\/a>\n\t\t\t\t\t\t\t<a class=\"e-gallery-item elementor-gallery-item elementor-animated-content\" href=\"https:\/\/www.hoteldelmar.es\/wp-content\/uploads\/2020\/05\/Hotel-del-Mar-Serveis-14.jpg\" data-elementor-open-lightbox=\"yes\" data-elementor-lightbox-slideshow=\"40745e7\" data-elementor-lightbox-title=\"Hotel del Mar | Serveis\" data-e-action-hash=\"#elementor-action%3Aaction%3Dlightbox%26settings%3DeyJpZCI6MjI0NSwidXJsIjoiaHR0cHM6XC9cL3d3dy5ob3RlbGRlbG1hci5lc1wvd3AtY29udGVudFwvdXBsb2Fkc1wvMjAyMFwvMDVcL0hvdGVsLWRlbC1NYXItU2VydmVpcy0xNC5qcGciLCJzbGlkZXNob3ciOiI0MDc0NWU3In0%3D\">\n\t\t\t\t\t<div class=\"e-gallery-image elementor-gallery-item__image\" data-thumbnail=\"https:\/\/www.hoteldelmar.es\/wp-content\/uploads\/2020\/05\/Hotel-del-Mar-Serveis-14.jpg\" data-width=\"960\" data-height=\"600\" aria-label=\"\u041e\u0442\u0435\u043b\u044c \u0434\u0435\u043b\u044c \u041c\u0430\u0440 | Y\u0441\u043b\u0443\u0433\u0438\" role=\"img\" ><\/div>\n\t\t\t\t\t\t\t\t\t\t\t<div class=\"elementor-gallery-item__overlay\"><\/div>\n\t\t\t\t\t\t\t\t\t\t\t\t\t\t<\/a>\n\t\t\t\t\t\t\t<a class=\"e-gallery-item elementor-gallery-item elementor-animated-content\" href=\"https:\/\/www.hoteldelmar.es\/wp-content\/uploads\/2020\/05\/Hotel-del-Mar-Serveis-16.jpg\" data-elementor-open-lightbox=\"yes\" data-elementor-lightbox-slideshow=\"40745e7\" data-elementor-lightbox-title=\"Hotel del Mar | Serveis\" data-e-action-hash=\"#elementor-action%3Aaction%3Dlightbox%26settings%3DeyJpZCI6MjI0NywidXJsIjoiaHR0cHM6XC9cL3d3dy5ob3RlbGRlbG1hci5lc1wvd3AtY29udGVudFwvdXBsb2Fkc1wvMjAyMFwvMDVcL0hvdGVsLWRlbC1NYXItU2VydmVpcy0xNi5qcGciLCJzbGlkZXNob3ciOiI0MDc0NWU3In0%3D\">\n\t\t\t\t\t<div class=\"e-gallery-image elementor-gallery-item__image\" data-thumbnail=\"https:\/\/www.hoteldelmar.es\/wp-content\/uploads\/2020\/05\/Hotel-del-Mar-Serveis-16.jpg\" data-width=\"960\" data-height=\"600\" aria-label=\"\u041e\u0442\u0435\u043b\u044c \u0434\u0435\u043b\u044c \u041c\u0430\u0440 | Y\u0441\u043b\u0443\u0433\u0438\" role=\"img\" ><\/div>\n\t\t\t\t\t\t\t\t\t\t\t<div class=\"elementor-gallery-item__overlay\"><\/div>\n\t\t\t\t\t\t\t\t\t\t\t\t\t\t<\/a>\n\t\t\t\t\t\t\t<a class=\"e-gallery-item elementor-gallery-item elementor-animated-content\" href=\"https:\/\/www.hoteldelmar.es\/wp-content\/uploads\/2020\/05\/Hotel-del-Mar-Serveis-03.jpg\" data-elementor-open-lightbox=\"yes\" data-elementor-lightbox-slideshow=\"40745e7\" data-elementor-lightbox-title=\"Hotel del Mar | Serveis\" data-e-action-hash=\"#elementor-action%3Aaction%3Dlightbox%26settings%3DeyJpZCI6MjIzNCwidXJsIjoiaHR0cHM6XC9cL3d3dy5ob3RlbGRlbG1hci5lc1wvd3AtY29udGVudFwvdXBsb2Fkc1wvMjAyMFwvMDVcL0hvdGVsLWRlbC1NYXItU2VydmVpcy0wMy5qcGciLCJzbGlkZXNob3ciOiI0MDc0NWU3In0%3D\">\n\t\t\t\t\t<div class=\"e-gallery-image elementor-gallery-item__image\" data-thumbnail=\"https:\/\/www.hoteldelmar.es\/wp-content\/uploads\/2020\/05\/Hotel-del-Mar-Serveis-03.jpg\" data-width=\"960\" data-height=\"600\" aria-label=\"\u041e\u0442\u0435\u043b\u044c \u0434\u0435\u043b\u044c \u041c\u0430\u0440 | Y\u0441\u043b\u0443\u0433\u0438\" role=\"img\" ><\/div>\n\t\t\t\t\t\t\t\t\t\t\t<div class=\"elementor-gallery-item__overlay\"><\/div>\n\t\t\t\t\t\t\t\t\t\t\t\t\t\t<\/a>\n\t\t\t\t\t\t\t<a class=\"e-gallery-item elementor-gallery-item elementor-animated-content\" href=\"https:\/\/www.hoteldelmar.es\/wp-content\/uploads\/2020\/05\/Hotel-del-Mar-Serveis-05.jpg\" data-elementor-open-lightbox=\"yes\" data-elementor-lightbox-slideshow=\"40745e7\" data-elementor-lightbox-title=\"Hotel del Mar | Serveis\" data-e-action-hash=\"#elementor-action%3Aaction%3Dlightbox%26settings%3DeyJpZCI6MjIzNiwidXJsIjoiaHR0cHM6XC9cL3d3dy5ob3RlbGRlbG1hci5lc1wvd3AtY29udGVudFwvdXBsb2Fkc1wvMjAyMFwvMDVcL0hvdGVsLWRlbC1NYXItU2VydmVpcy0wNS5qcGciLCJzbGlkZXNob3ciOiI0MDc0NWU3In0%3D\">\n\t\t\t\t\t<div class=\"e-gallery-image elementor-gallery-item__image\" data-thumbnail=\"https:\/\/www.hoteldelmar.es\/wp-content\/uploads\/2020\/05\/Hotel-del-Mar-Serveis-05.jpg\" data-width=\"960\" data-height=\"600\" aria-label=\"\u041e\u0442\u0435\u043b\u044c \u0434\u0435\u043b\u044c \u041c\u0430\u0440 | Y\u0441\u043b\u0443\u0433\u0438\" role=\"img\" ><\/div>\n\t\t\t\t\t\t\t\t\t\t\t<div class=\"elementor-gallery-item__overlay\"><\/div>\n\t\t\t\t\t\t\t\t\t\t\t\t\t\t<\/a>\n\t\t\t\t\t\t\t<a class=\"e-gallery-item elementor-gallery-item elementor-animated-content\" href=\"https:\/\/www.hoteldelmar.es\/wp-content\/uploads\/2020\/05\/Hotel-del-Mar-Serveis-07.jpg\" data-elementor-open-lightbox=\"yes\" data-elementor-lightbox-slideshow=\"40745e7\" data-elementor-lightbox-title=\"Hotel del Mar | Serveis\" data-e-action-hash=\"#elementor-action%3Aaction%3Dlightbox%26settings%3DeyJpZCI6MjIzOCwidXJsIjoiaHR0cHM6XC9cL3d3dy5ob3RlbGRlbG1hci5lc1wvd3AtY29udGVudFwvdXBsb2Fkc1wvMjAyMFwvMDVcL0hvdGVsLWRlbC1NYXItU2VydmVpcy0wNy5qcGciLCJzbGlkZXNob3ciOiI0MDc0NWU3In0%3D\">\n\t\t\t\t\t<div class=\"e-gallery-image elementor-gallery-item__image\" data-thumbnail=\"https:\/\/www.hoteldelmar.es\/wp-content\/uploads\/2020\/05\/Hotel-del-Mar-Serveis-07.jpg\" data-width=\"960\" data-height=\"600\" aria-label=\"\u041e\u0442\u0435\u043b\u044c \u0434\u0435\u043b\u044c \u041c\u0430\u0440 | Y\u0441\u043b\u0443\u0433\u0438\" role=\"img\" ><\/div>\n\t\t\t\t\t\t\t\t\t\t\t<div class=\"elementor-gallery-item__overlay\"><\/div>\n\t\t\t\t\t\t\t\t\t\t\t\t\t\t<\/a>\n\t\t\t\t\t\t\t<a class=\"e-gallery-item elementor-gallery-item elementor-animated-content\" href=\"https:\/\/www.hoteldelmar.es\/wp-content\/uploads\/2020\/05\/Hotel-del-Mar-Serveis-09.jpg\" data-elementor-open-lightbox=\"yes\" data-elementor-lightbox-slideshow=\"40745e7\" data-elementor-lightbox-title=\"Hotel del Mar | Serveis\" data-e-action-hash=\"#elementor-action%3Aaction%3Dlightbox%26settings%3DeyJpZCI6MjI0MCwidXJsIjoiaHR0cHM6XC9cL3d3dy5ob3RlbGRlbG1hci5lc1wvd3AtY29udGVudFwvdXBsb2Fkc1wvMjAyMFwvMDVcL0hvdGVsLWRlbC1NYXItU2VydmVpcy0wOS5qcGciLCJzbGlkZXNob3ciOiI0MDc0NWU3In0%3D\">\n\t\t\t\t\t<div class=\"e-gallery-image elementor-gallery-item__image\" data-thumbnail=\"https:\/\/www.hoteldelmar.es\/wp-content\/uploads\/2020\/05\/Hotel-del-Mar-Serveis-09.jpg\" data-width=\"960\" data-height=\"600\" aria-label=\"\u041e\u0442\u0435\u043b\u044c \u0434\u0435\u043b\u044c \u041c\u0430\u0440 | Y\u0441\u043b\u0443\u0433\u0438\" role=\"img\" ><\/div>\n\t\t\t\t\t\t\t\t\t\t\t<div class=\"elementor-gallery-item__overlay\"><\/div>\n\t\t\t\t\t\t\t\t\t\t\t\t\t\t<\/a>\n\t\t\t\t\t\t\t<a class=\"e-gallery-item elementor-gallery-item elementor-animated-content\" href=\"https:\/\/www.hoteldelmar.es\/wp-content\/uploads\/2020\/05\/Hotel-del-Mar-Serveis-10.jpg\" data-elementor-open-lightbox=\"yes\" data-elementor-lightbox-slideshow=\"40745e7\" data-elementor-lightbox-title=\"Hotel del Mar | Serveis\" data-e-action-hash=\"#elementor-action%3Aaction%3Dlightbox%26settings%3DeyJpZCI6MjI0MSwidXJsIjoiaHR0cHM6XC9cL3d3dy5ob3RlbGRlbG1hci5lc1wvd3AtY29udGVudFwvdXBsb2Fkc1wvMjAyMFwvMDVcL0hvdGVsLWRlbC1NYXItU2VydmVpcy0xMC5qcGciLCJzbGlkZXNob3ciOiI0MDc0NWU3In0%3D\">\n\t\t\t\t\t<div class=\"e-gallery-image elementor-gallery-item__image\" data-thumbnail=\"https:\/\/www.hoteldelmar.es\/wp-content\/uploads\/2020\/05\/Hotel-del-Mar-Serveis-10.jpg\" data-width=\"960\" data-height=\"600\" aria-label=\"\u041e\u0442\u0435\u043b\u044c \u0434\u0435\u043b\u044c \u041c\u0430\u0440 | Y\u0441\u043b\u0443\u0433\u0438\" role=\"img\" ><\/div>\n\t\t\t\t\t\t\t\t\t\t\t<div class=\"elementor-gallery-item__overlay\"><\/div>\n\t\t\t\t\t\t\t\t\t\t\t\t\t\t<\/a>\n\t\t\t\t\t\t\t<a class=\"e-gallery-item elementor-gallery-item elementor-animated-content\" href=\"https:\/\/www.hoteldelmar.es\/wp-content\/uploads\/2020\/05\/Hotel-del-Mar-Serveis-06.jpg\" data-elementor-open-lightbox=\"yes\" data-elementor-lightbox-slideshow=\"40745e7\" data-elementor-lightbox-title=\"Hotel del Mar | Serveis\" data-e-action-hash=\"#elementor-action%3Aaction%3Dlightbox%26settings%3DeyJpZCI6MjIzNywidXJsIjoiaHR0cHM6XC9cL3d3dy5ob3RlbGRlbG1hci5lc1wvd3AtY29udGVudFwvdXBsb2Fkc1wvMjAyMFwvMDVcL0hvdGVsLWRlbC1NYXItU2VydmVpcy0wNi5qcGciLCJzbGlkZXNob3ciOiI0MDc0NWU3In0%3D\">\n\t\t\t\t\t<div class=\"e-gallery-image elementor-gallery-item__image\" data-thumbnail=\"https:\/\/www.hoteldelmar.es\/wp-content\/uploads\/2020\/05\/Hotel-del-Mar-Serveis-06.jpg\" data-width=\"960\" data-height=\"600\" aria-label=\"\u041e\u0442\u0435\u043b\u044c \u0434\u0435\u043b\u044c \u041c\u0430\u0440 | Y\u0441\u043b\u0443\u0433\u0438\" role=\"img\" ><\/div>\n\t\t\t\t\t\t\t\t\t\t\t<div class=\"elementor-gallery-item__overlay\"><\/div>\n\t\t\t\t\t\t\t\t\t\t\t\t\t\t<\/a>\n\t\t\t\t\t\t\t<a class=\"e-gallery-item elementor-gallery-item elementor-animated-content\" href=\"https:\/\/www.hoteldelmar.es\/wp-content\/uploads\/2020\/05\/Hotel-del-Mar-Serveis-04.jpg\" data-elementor-open-lightbox=\"yes\" data-elementor-lightbox-slideshow=\"40745e7\" data-elementor-lightbox-title=\"Hotel del Mar | Serveis\" data-e-action-hash=\"#elementor-action%3Aaction%3Dlightbox%26settings%3DeyJpZCI6MjIzNSwidXJsIjoiaHR0cHM6XC9cL3d3dy5ob3RlbGRlbG1hci5lc1wvd3AtY29udGVudFwvdXBsb2Fkc1wvMjAyMFwvMDVcL0hvdGVsLWRlbC1NYXItU2VydmVpcy0wNC5qcGciLCJzbGlkZXNob3ciOiI0MDc0NWU3In0%3D\">\n\t\t\t\t\t<div class=\"e-gallery-image elementor-gallery-item__image\" data-thumbnail=\"https:\/\/www.hoteldelmar.es\/wp-content\/uploads\/2020\/05\/Hotel-del-Mar-Serveis-04.jpg\" data-width=\"960\" data-height=\"600\" aria-label=\"\u041e\u0442\u0435\u043b\u044c \u0434\u0435\u043b\u044c \u041c\u0430\u0440 | Y\u0441\u043b\u0443\u0433\u0438\" role=\"img\" ><\/div>\n\t\t\t\t\t\t\t\t\t\t\t<div class=\"elementor-gallery-item__overlay\"><\/div>\n\t\t\t\t\t\t\t\t\t\t\t\t\t\t<\/a>\n\t\t\t\t\t\t\t<a class=\"e-gallery-item elementor-gallery-item elementor-animated-content\" href=\"https:\/\/www.hoteldelmar.es\/wp-content\/uploads\/2020\/05\/Hotel-del-Mar-Serveis-01.jpg\" data-elementor-open-lightbox=\"yes\" data-elementor-lightbox-slideshow=\"40745e7\" data-elementor-lightbox-title=\"Hotel del Mar | Serveis\" data-e-action-hash=\"#elementor-action%3Aaction%3Dlightbox%26settings%3DeyJpZCI6MjIzMiwidXJsIjoiaHR0cHM6XC9cL3d3dy5ob3RlbGRlbG1hci5lc1wvd3AtY29udGVudFwvdXBsb2Fkc1wvMjAyMFwvMDVcL0hvdGVsLWRlbC1NYXItU2VydmVpcy0wMS5qcGciLCJzbGlkZXNob3ciOiI0MDc0NWU3In0%3D\">\n\t\t\t\t\t<div class=\"e-gallery-image elementor-gallery-item__image\" data-thumbnail=\"https:\/\/www.hoteldelmar.es\/wp-content\/uploads\/2020\/05\/Hotel-del-Mar-Serveis-01.jpg\" data-width=\"960\" data-height=\"600\" aria-label=\"\u041e\u0442\u0435\u043b\u044c \u0434\u0435\u043b\u044c \u041c\u0430\u0440 | Y\u0441\u043b\u0443\u0433\u0438\" role=\"img\" ><\/div>\n\t\t\t\t\t\t\t\t\t\t\t<div class=\"elementor-gallery-item__overlay\"><\/div>\n\t\t\t\t\t\t\t\t\t\t\t\t\t\t<\/a>\n\t\t\t\t\t\t\t<a class=\"e-gallery-item elementor-gallery-item elementor-animated-content\" href=\"https:\/\/www.hoteldelmar.es\/wp-content\/uploads\/2020\/05\/Hotel-del-Mar-Serveis-12.jpg\" data-elementor-open-lightbox=\"yes\" data-elementor-lightbox-slideshow=\"40745e7\" data-elementor-lightbox-title=\"Hotel del Mar | Serveis\" data-e-action-hash=\"#elementor-action%3Aaction%3Dlightbox%26settings%3DeyJpZCI6MjI0MywidXJsIjoiaHR0cHM6XC9cL3d3dy5ob3RlbGRlbG1hci5lc1wvd3AtY29udGVudFwvdXBsb2Fkc1wvMjAyMFwvMDVcL0hvdGVsLWRlbC1NYXItU2VydmVpcy0xMi5qcGciLCJzbGlkZXNob3ciOiI0MDc0NWU3In0%3D\">\n\t\t\t\t\t<div class=\"e-gallery-image elementor-gallery-item__image\" data-thumbnail=\"https:\/\/www.hoteldelmar.es\/wp-content\/uploads\/2020\/05\/Hotel-del-Mar-Serveis-12.jpg\" data-width=\"960\" data-height=\"600\" aria-label=\"\u041e\u0442\u0435\u043b\u044c \u0434\u0435\u043b\u044c \u041c\u0430\u0440 | Y\u0441\u043b\u0443\u0433\u0438\" role=\"img\" ><\/div>\n\t\t\t\t\t\t\t\t\t\t\t<div class=\"elementor-gallery-item__overlay\"><\/div>\n\t\t\t\t\t\t\t\t\t\t\t\t\t\t<\/a>\n\t\t\t\t\t<\/div>\n\t\t\t\t\t<\/div>\n\t\t\t\t<\/div>\n\t\t\t\t\t<\/div>\n\t\t<\/div>\n\t\t\t\t\t<\/div>\n\t\t<\/section>\n\t\t\t\t<\/div>","protected":false},"excerpt":{"rendered":"<p>Hotel del Mar ofereix al seus clients els seg\u00fcents espais i serveis Recepci\u00f3: oberta de 8 a 20h. Espai de lectura. Espai de TV. Espai de joc infantil. Terrassa relax. Informaci\u00f3 tur\u00edstica. Ascensor. Cafeteria (oberta per esmorzars). Servei de guarda equipatge. Caixa forta a la recepci\u00f3 Bressol disponible i gratu\u00eft sota petici\u00f3. Wi-fi gratu\u00eft a<br \/><a class=\"moretag\" href=\"https:\/\/www.hoteldelmar.es\/ru\/serveis\/\">+ Read More<\/a><\/p>","protected":false},"author":1,"featured_media":2214,"parent":0,"menu_order":0,"comment_status":"closed","ping_status":"closed","template":"templates\/page-fullwidth_template.php","meta":{"footnotes":""},"class_list":["post-15","page","type-page","status-publish","has-post-thumbnail","hentry"],"_links":{"self":[{"href":"https:\/\/www.hoteldelmar.es\/ru\/wp-json\/wp\/v2\/pages\/15","targetHints":{"allow":["GET"]}}],"collection":[{"href":"https:\/\/www.hoteldelmar.es\/ru\/wp-json\/wp\/v2\/pages"}],"about":[{"href":"https:\/\/www.hoteldelmar.es\/ru\/wp-json\/wp\/v2\/types\/page"}],"author":[{"embeddable":true,"href":"https:\/\/www.hoteldelmar.es\/ru\/wp-json\/wp\/v2\/users\/1"}],"replies":[{"embeddable":true,"href":"https:\/\/www.hoteldelmar.es\/ru\/wp-json\/wp\/v2\/comments?post=15"}],"version-history":[{"count":0,"href":"https:\/\/www.hoteldelmar.es\/ru\/wp-json\/wp\/v2\/pages\/15\/revisions"}],"wp:featuredmedia":[{"embeddable":true,"href":"https:\/\/www.hoteldelmar.es\/ru\/wp-json\/wp\/v2\/media\/2214"}],"wp:attachment":[{"href":"https:\/\/www.hoteldelmar.es\/ru\/wp-json\/wp\/v2\/media?parent=15"}],"curies":[{"name":"wp","href":"https:\/\/api.w.org\/{rel}","templated":true}]}}